{"id":19237,"date":"2018-09-28T00:00:00","date_gmt":"2018-09-04T22:00:00","guid":{"rendered":"https:\/\/promz.be\/product\/briquet-cricket-chrome\/"},"modified":"2019-01-15T13:31:05","modified_gmt":"2019-01-15T12:31:05","slug":"briquet-cricket-chrome","status":"publish","type":"product","link":"https:\/\/promz.be\/fr\/product\/briquet-cricket-chrome\/","title":{"rendered":"Briquet Cricket Chrome"},"content":{"rendered":"<p>Briquet en qualit\u00e9 de luxe sans cadmium. Cricket Chrome : r\u00e9servoir de 3,1 g. Conforme aux normes ISO 9994 et avec s\u00e9curit\u00e9 enfant.<\/p>\n","protected":false},"excerpt":{"rendered":"<p>Briquet en qualit\u00e9 de luxe sans cadmium. Cricket Chrome : r\u00e9servoir de 3,1 g. Conforme aux normes ISO 9994 et avec s\u00e9curit\u00e9 enfant. [&#8230;]<\/p>\n<p><a class=\"btn btn-secondary understrap-read-more-link\" href=\"https:\/\/promz.be\/fr\/product\/briquet-cricket-chrome\/\">Lire la suite&#8230;<\/a><\/p>\n","protected":false},"featured_media":19276,"comment_status":"closed","ping_status":"closed","template":"","meta":[],"product_cat":[950,958],"product_tag":[],"_links":{"self":[{"href":"https:\/\/promz.be\/fr\/wp-json\/wp\/v2\/product\/19237"}],"collection":[{"href":"https:\/\/promz.be\/fr\/wp-json\/wp\/v2\/product"}],"about":[{"href":"https:\/\/promz.be\/fr\/wp-json\/wp\/v2\/types\/product"}],"replies":[{"embeddable":true,"href":"https:\/\/promz.be\/fr\/wp-json\/wp\/v2\/comments?post=19237"}],"wp:featuredmedia":[{"embeddable":true,"href":"https:\/\/promz.be\/fr\/wp-json\/wp\/v2\/media\/19276"}],"wp:attachment":[{"href":"https:\/\/promz.be\/fr\/wp-json\/wp\/v2\/media?parent=19237"}],"wp:term":[{"taxonomy":"product_cat","embeddable":true,"href":"https:\/\/promz.be\/fr\/wp-json\/wp\/v2\/product_cat?post=19237"},{"taxonomy":"product_tag","embeddable":true,"href":"https:\/\/promz.be\/fr\/wp-json\/wp\/v2\/product_tag?post=19237"}],"curies":[{"name":"wp","href":"https:\/\/api.w.org\/{rel}","templated":true}]}}