{"id":19241,"date":"2018-10-15T00:00:00","date_gmt":"2018-08-16T22:00:00","guid":{"rendered":"https:\/\/promz.be\/product\/parapluie-stormfold\/"},"modified":"2019-01-15T13:31:37","modified_gmt":"2019-01-15T12:31:37","slug":"parapluie-stormfold","status":"publish","type":"product","link":"https:\/\/promz.be\/fr\/product\/parapluie-stormfold\/","title":{"rendered":"Parapluie Stormfold"},"content":{"rendered":"<p>Solide parapluie temp\u00eate pliable avec ouverture automatique. Avec canop\u00e9e pong\u00e9, structure en m\u00e9tal, baleines en fibre de verre et poign\u00e9e en plastique.<\/p>\n","protected":false},"excerpt":{"rendered":"<p>Solide parapluie temp\u00eate pliable avec ouverture automatique. Avec canop\u00e9e pong\u00e9, structure en m\u00e9tal, baleines en fibre de verre et poign\u00e9e en plastique. [&#8230;]<\/p>\n<p><a class=\"btn btn-secondary understrap-read-more-link\" href=\"https:\/\/promz.be\/fr\/product\/parapluie-stormfold\/\">Lire la suite&#8230;<\/a><\/p>\n","protected":false},"featured_media":19278,"comment_status":"closed","ping_status":"closed","template":"","meta":[],"product_cat":[952,1009],"product_tag":[],"_links":{"self":[{"href":"https:\/\/promz.be\/fr\/wp-json\/wp\/v2\/product\/19241"}],"collection":[{"href":"https:\/\/promz.be\/fr\/wp-json\/wp\/v2\/product"}],"about":[{"href":"https:\/\/promz.be\/fr\/wp-json\/wp\/v2\/types\/product"}],"replies":[{"embeddable":true,"href":"https:\/\/promz.be\/fr\/wp-json\/wp\/v2\/comments?post=19241"}],"wp:featuredmedia":[{"embeddable":true,"href":"https:\/\/promz.be\/fr\/wp-json\/wp\/v2\/media\/19278"}],"wp:attachment":[{"href":"https:\/\/promz.be\/fr\/wp-json\/wp\/v2\/media?parent=19241"}],"wp:term":[{"taxonomy":"product_cat","embeddable":true,"href":"https:\/\/promz.be\/fr\/wp-json\/wp\/v2\/product_cat?post=19241"},{"taxonomy":"product_tag","embeddable":true,"href":"https:\/\/promz.be\/fr\/wp-json\/wp\/v2\/product_tag?post=19241"}],"curies":[{"name":"wp","href":"https:\/\/api.w.org\/{rel}","templated":true}]}}