{"id":19244,"date":"2018-11-20T00:00:00","date_gmt":"2018-11-11T23:00:00","guid":{"rendered":"https:\/\/promz.be\/product\/mug-lisa\/"},"modified":"2019-01-15T13:42:43","modified_gmt":"2019-01-15T12:42:43","slug":"mug-lisa","status":"publish","type":"product","link":"https:\/\/promz.be\/fr\/product\/mug-lisa\/","title":{"rendered":"Mug Lisa"},"content":{"rendered":"<p>Mug bicolore (260 ml) avec cuill\u00e8re assortie. Livr\u00e9e en bo\u00eete cadeau. Colisage par multiples de 36 pi\u00e8ces.<\/p>\n","protected":false},"excerpt":{"rendered":"<p>Mug bicolore (260 ml) avec cuill\u00e8re assortie. Livr\u00e9e en bo\u00eete cadeau. Colisage par multiples de 36 pi\u00e8ces. [&#8230;]<\/p>\n<p><a class=\"btn btn-secondary understrap-read-more-link\" href=\"https:\/\/promz.be\/fr\/product\/mug-lisa\/\">Lire la suite&#8230;<\/a><\/p>\n","protected":false},"featured_media":19304,"comment_status":"closed","ping_status":"closed","template":"","meta":[],"product_cat":[947,988,950,995,968],"product_tag":[6063],"_links":{"self":[{"href":"https:\/\/promz.be\/fr\/wp-json\/wp\/v2\/product\/19244"}],"collection":[{"href":"https:\/\/promz.be\/fr\/wp-json\/wp\/v2\/product"}],"about":[{"href":"https:\/\/promz.be\/fr\/wp-json\/wp\/v2\/types\/product"}],"replies":[{"embeddable":true,"href":"https:\/\/promz.be\/fr\/wp-json\/wp\/v2\/comments?post=19244"}],"wp:featuredmedia":[{"embeddable":true,"href":"https:\/\/promz.be\/fr\/wp-json\/wp\/v2\/media\/19304"}],"wp:attachment":[{"href":"https:\/\/promz.be\/fr\/wp-json\/wp\/v2\/media?parent=19244"}],"wp:term":[{"taxonomy":"product_cat","embeddable":true,"href":"https:\/\/promz.be\/fr\/wp-json\/wp\/v2\/product_cat?post=19244"},{"taxonomy":"product_tag","embeddable":true,"href":"https:\/\/promz.be\/fr\/wp-json\/wp\/v2\/product_tag?post=19244"}],"curies":[{"name":"wp","href":"https:\/\/api.w.org\/{rel}","templated":true}]}}