{"id":19252,"date":"2018-08-20T00:00:00","date_gmt":"2018-09-27T22:00:00","guid":{"rendered":"https:\/\/promz.be\/product\/porte-cles-jeton-caddy\/"},"modified":"2019-01-15T13:48:34","modified_gmt":"2019-01-15T12:48:34","slug":"porte-cles-jeton-caddy","status":"publish","type":"product","link":"https:\/\/promz.be\/fr\/product\/porte-cles-jeton-caddy\/","title":{"rendered":"Porte-Cl\u00e9s Jeton Caddy"},"content":{"rendered":"<p>Le jeton du caddy toujours accroch\u00e9 \u00e0 votre trousseau de clefs. En m\u00e9tal finition nickl, poids : 10g. Livraison 5-6 semaines apr\u00e8s accord de bon \u00e0 tirer.<\/p>\n","protected":false},"excerpt":{"rendered":"<p>Le jeton du caddy toujours accroch\u00e9 \u00e0 votre trousseau de clefs. En m\u00e9tal finition nickl, poids : 10g. Livraison 5-6 semaines apr\u00e8s accord de bon \u00e0 tirer. [&#8230;]<\/p>\n<p><a class=\"btn btn-secondary understrap-read-more-link\" href=\"https:\/\/promz.be\/fr\/product\/porte-cles-jeton-caddy\/\">Lire la suite&#8230;<\/a><\/p>\n","protected":false},"featured_media":19316,"comment_status":"closed","ping_status":"closed","template":"","meta":[],"product_cat":[948,1018],"product_tag":[],"_links":{"self":[{"href":"https:\/\/promz.be\/fr\/wp-json\/wp\/v2\/product\/19252"}],"collection":[{"href":"https:\/\/promz.be\/fr\/wp-json\/wp\/v2\/product"}],"about":[{"href":"https:\/\/promz.be\/fr\/wp-json\/wp\/v2\/types\/product"}],"replies":[{"embeddable":true,"href":"https:\/\/promz.be\/fr\/wp-json\/wp\/v2\/comments?post=19252"}],"wp:featuredmedia":[{"embeddable":true,"href":"https:\/\/promz.be\/fr\/wp-json\/wp\/v2\/media\/19316"}],"wp:attachment":[{"href":"https:\/\/promz.be\/fr\/wp-json\/wp\/v2\/media?parent=19252"}],"wp:term":[{"taxonomy":"product_cat","embeddable":true,"href":"https:\/\/promz.be\/fr\/wp-json\/wp\/v2\/product_cat?post=19252"},{"taxonomy":"product_tag","embeddable":true,"href":"https:\/\/promz.be\/fr\/wp-json\/wp\/v2\/product_tag?post=19252"}],"curies":[{"name":"wp","href":"https:\/\/api.w.org\/{rel}","templated":true}]}}