{"id":19253,"date":"2018-10-31T00:00:00","date_gmt":"2018-06-11T22:00:00","guid":{"rendered":"https:\/\/promz.be\/product\/porte-cles-jeton-keyled-caddy\/"},"modified":"2019-01-15T13:50:01","modified_gmt":"2019-01-15T12:50:01","slug":"porte-cles-jeton-keyled-caddy","status":"publish","type":"product","link":"https:\/\/promz.be\/fr\/product\/porte-cles-jeton-keyled-caddy\/","title":{"rendered":"Porte-cl\u00e9s jeton Keyled Caddy"},"content":{"rendered":"<p>Porte-cl\u00e9s 3-en-1 avec lampe led int\u00e9gr\u00e9e. Jeton plastique format \u20ac0,50 fonctionnant pour la plupart des chariots.<\/p>\n","protected":false},"excerpt":{"rendered":"<p>Porte-cl\u00e9s 3-en-1 avec lampe led int\u00e9gr\u00e9e. Jeton plastique format \u20ac0,50 fonctionnant pour la plupart des chariots. [&#8230;]<\/p>\n<p><a class=\"btn btn-secondary understrap-read-more-link\" href=\"https:\/\/promz.be\/fr\/product\/porte-cles-jeton-keyled-caddy\/\">Lire la suite&#8230;<\/a><\/p>\n","protected":false},"featured_media":19318,"comment_status":"closed","ping_status":"closed","template":"","meta":[],"product_cat":[948,1018],"product_tag":[],"_links":{"self":[{"href":"https:\/\/promz.be\/fr\/wp-json\/wp\/v2\/product\/19253"}],"collection":[{"href":"https:\/\/promz.be\/fr\/wp-json\/wp\/v2\/product"}],"about":[{"href":"https:\/\/promz.be\/fr\/wp-json\/wp\/v2\/types\/product"}],"replies":[{"embeddable":true,"href":"https:\/\/promz.be\/fr\/wp-json\/wp\/v2\/comments?post=19253"}],"wp:featuredmedia":[{"embeddable":true,"href":"https:\/\/promz.be\/fr\/wp-json\/wp\/v2\/media\/19318"}],"wp:attachment":[{"href":"https:\/\/promz.be\/fr\/wp-json\/wp\/v2\/media?parent=19253"}],"wp:term":[{"taxonomy":"product_cat","embeddable":true,"href":"https:\/\/promz.be\/fr\/wp-json\/wp\/v2\/product_cat?post=19253"},{"taxonomy":"product_tag","embeddable":true,"href":"https:\/\/promz.be\/fr\/wp-json\/wp\/v2\/product_tag?post=19253"}],"curies":[{"name":"wp","href":"https:\/\/api.w.org\/{rel}","templated":true}]}}