{"id":19258,"date":"2018-08-22T00:00:00","date_gmt":"2018-10-25T22:00:00","guid":{"rendered":"https:\/\/promz.be\/product\/sac-plaza\/"},"modified":"2019-01-15T13:50:35","modified_gmt":"2019-01-15T12:50:35","slug":"sac-plaza","status":"publish","type":"product","link":"https:\/\/promz.be\/fr\/product\/sac-plaza\/","title":{"rendered":"Sac Plaza"},"content":{"rendered":"<p>Sac promotionnel en structure non-tiss\u00e9e. Avec poign\u00e9e incis\u00e9e.<\/p>\n","protected":false},"excerpt":{"rendered":"<p>Sac promotionnel en structure non-tiss\u00e9e. Avec poign\u00e9e incis\u00e9e. [&#8230;]<\/p>\n<p><a class=\"btn btn-secondary understrap-read-more-link\" href=\"https:\/\/promz.be\/fr\/product\/sac-plaza\/\">Lire la suite&#8230;<\/a><\/p>\n","protected":false},"featured_media":19320,"comment_status":"closed","ping_status":"closed","template":"","meta":[],"product_cat":[980,957,978,954],"product_tag":[],"_links":{"self":[{"href":"https:\/\/promz.be\/fr\/wp-json\/wp\/v2\/product\/19258"}],"collection":[{"href":"https:\/\/promz.be\/fr\/wp-json\/wp\/v2\/product"}],"about":[{"href":"https:\/\/promz.be\/fr\/wp-json\/wp\/v2\/types\/product"}],"replies":[{"embeddable":true,"href":"https:\/\/promz.be\/fr\/wp-json\/wp\/v2\/comments?post=19258"}],"wp:featuredmedia":[{"embeddable":true,"href":"https:\/\/promz.be\/fr\/wp-json\/wp\/v2\/media\/19320"}],"wp:attachment":[{"href":"https:\/\/promz.be\/fr\/wp-json\/wp\/v2\/media?parent=19258"}],"wp:term":[{"taxonomy":"product_cat","embeddable":true,"href":"https:\/\/promz.be\/fr\/wp-json\/wp\/v2\/product_cat?post=19258"},{"taxonomy":"product_tag","embeddable":true,"href":"https:\/\/promz.be\/fr\/wp-json\/wp\/v2\/product_tag?post=19258"}],"curies":[{"name":"wp","href":"https:\/\/api.w.org\/{rel}","templated":true}]}}