{"id":20918,"date":"2018-07-13T00:00:00","date_gmt":"2018-07-12T22:00:00","guid":{"rendered":"https:\/\/promz.be\/product\/support-de-telephone-universel-pour-velo\/"},"modified":"2019-03-11T17:01:16","modified_gmt":"2019-03-11T16:01:16","slug":"support-de-telephone-universel-pour-velo","status":"publish","type":"product","link":"https:\/\/promz.be\/fr\/product\/support-de-telephone-universel-pour-velo\/","title":{"rendered":"Support de t\u00e9l\u00e9phone universel pour v\u00e9lo"},"content":{"rendered":"<p>Support de t\u00e9l\u00e9phone universel pour v\u00e9lo. Rotation de 360\u00b0 pour ajuster au mieux l&#8217;affichage. Bande en silicone pour une meilleure adh\u00e9rence. Convient au smartphone d&#8217;une largeur de 5,5 \u00e0 9 cm.<\/p>\n","protected":false},"excerpt":{"rendered":"<p>Support de t\u00e9l\u00e9phone universel pour v\u00e9lo. Rotation de 360\u00b0 pour ajuster au mieux l&#8217;affichage. Bande en silicone pour une meilleure adh\u00e9rence. Convient au smartphone d&#8217;une largeur de 5,5 \u00e0 9 cm. [&#8230;]<\/p>\n<p><a class=\"btn btn-secondary understrap-read-more-link\" href=\"https:\/\/promz.be\/fr\/product\/support-de-telephone-universel-pour-velo\/\">Lire la suite&#8230;<\/a><\/p>\n","protected":false},"featured_media":20843,"comment_status":"closed","ping_status":"closed","template":"","meta":[],"product_cat":[1014,1026,952,954,956,983],"product_tag":[6141,6143],"_links":{"self":[{"href":"https:\/\/promz.be\/fr\/wp-json\/wp\/v2\/product\/20918"}],"collection":[{"href":"https:\/\/promz.be\/fr\/wp-json\/wp\/v2\/product"}],"about":[{"href":"https:\/\/promz.be\/fr\/wp-json\/wp\/v2\/types\/product"}],"replies":[{"embeddable":true,"href":"https:\/\/promz.be\/fr\/wp-json\/wp\/v2\/comments?post=20918"}],"wp:featuredmedia":[{"embeddable":true,"href":"https:\/\/promz.be\/fr\/wp-json\/wp\/v2\/media\/20843"}],"wp:attachment":[{"href":"https:\/\/promz.be\/fr\/wp-json\/wp\/v2\/media?parent=20918"}],"wp:term":[{"taxonomy":"product_cat","embeddable":true,"href":"https:\/\/promz.be\/fr\/wp-json\/wp\/v2\/product_cat?post=20918"},{"taxonomy":"product_tag","embeddable":true,"href":"https:\/\/promz.be\/fr\/wp-json\/wp\/v2\/product_tag?post=20918"}],"curies":[{"name":"wp","href":"https:\/\/api.w.org\/{rel}","templated":true}]}}