{"id":21009,"date":"2018-09-05T00:00:00","date_gmt":"2018-09-04T22:00:00","guid":{"rendered":"https:\/\/promz.be\/product\/sacs-a-linge\/"},"modified":"2018-09-05T00:00:00","modified_gmt":"2018-09-04T22:00:00","slug":"sacs-a-linge","status":"publish","type":"product","link":"https:\/\/promz.be\/fr\/product\/sacs-a-linge\/","title":{"rendered":"Sacs \u00e0 linge"},"content":{"rendered":"<p>Sacs \u00e0 linge.  Id\u00e9al pour laver vos v\u00eatements d\u00e9licats.  Avec fermeutre \u00e9clair sur tout la longueur<\/p>\n","protected":false},"excerpt":{"rendered":"<p>Sacs \u00e0 linge.  Id\u00e9al pour laver vos v\u00eatements d\u00e9licats.  Avec fermeutre \u00e9clair sur tout la longueur [&#8230;]<\/p>\n<p><a class=\"btn btn-secondary understrap-read-more-link\" href=\"https:\/\/promz.be\/fr\/product\/sacs-a-linge\/\">Lire la suite&#8230;<\/a><\/p>\n","protected":false},"featured_media":0,"comment_status":"closed","ping_status":"open","template":"","meta":[],"product_cat":[993,988,950,955],"product_tag":[6788,6787,6786,6785],"_links":{"self":[{"href":"https:\/\/promz.be\/fr\/wp-json\/wp\/v2\/product\/21009"}],"collection":[{"href":"https:\/\/promz.be\/fr\/wp-json\/wp\/v2\/product"}],"about":[{"href":"https:\/\/promz.be\/fr\/wp-json\/wp\/v2\/types\/product"}],"replies":[{"embeddable":true,"href":"https:\/\/promz.be\/fr\/wp-json\/wp\/v2\/comments?post=21009"}],"wp:attachment":[{"href":"https:\/\/promz.be\/fr\/wp-json\/wp\/v2\/media?parent=21009"}],"wp:term":[{"taxonomy":"product_cat","embeddable":true,"href":"https:\/\/promz.be\/fr\/wp-json\/wp\/v2\/product_cat?post=21009"},{"taxonomy":"product_tag","embeddable":true,"href":"https:\/\/promz.be\/fr\/wp-json\/wp\/v2\/product_tag?post=21009"}],"curies":[{"name":"wp","href":"https:\/\/api.w.org\/{rel}","templated":true}]}}