{"id":21010,"date":"2018-10-11T00:00:00","date_gmt":"2018-10-10T22:00:00","guid":{"rendered":"https:\/\/promz.be\/product\/rouleaux-anti-peluches\/"},"modified":"2018-10-11T00:00:00","modified_gmt":"2018-10-10T22:00:00","slug":"rouleaux-anti-peluches","status":"publish","type":"product","link":"https:\/\/promz.be\/fr\/product\/rouleaux-anti-peluches\/","title":{"rendered":"Rouleaux anti-peluches"},"content":{"rendered":"<p>rouleau anti-peluche avec 7,5 m de papier adh\u00e9sif.  Elimine facilement et rapidement les poils d&#8217;animaux, la poussi\u00e8re et les peluches des v\u00eatements.  un support publicitaire id\u00e9al de part sa dur\u00e9e de vie.  Imprim\u00e9 sur toute la surface en 1 ou 2 couleurs<\/p>\n","protected":false},"excerpt":{"rendered":"<p>rouleau anti-peluche avec 7,5 m de papier adh\u00e9sif.  Elimine facilement et rapidement les poils d&#8217;animaux, la poussi\u00e8re et les peluches des v\u00eatements.  un support publicitaire id\u00e9al de part sa dur\u00e9e de vie.  Imprim\u00e9 sur toute la surface en 1 ou 2 couleurs [&#8230;]<\/p>\n<p><a class=\"btn btn-secondary understrap-read-more-link\" href=\"https:\/\/promz.be\/fr\/product\/rouleaux-anti-peluches\/\">Lire la suite&#8230;<\/a><\/p>\n","protected":false},"featured_media":0,"comment_status":"closed","ping_status":"open","template":"","meta":[],"product_cat":[993,988,950,955],"product_tag":[6790,6791,6789],"_links":{"self":[{"href":"https:\/\/promz.be\/fr\/wp-json\/wp\/v2\/product\/21010"}],"collection":[{"href":"https:\/\/promz.be\/fr\/wp-json\/wp\/v2\/product"}],"about":[{"href":"https:\/\/promz.be\/fr\/wp-json\/wp\/v2\/types\/product"}],"replies":[{"embeddable":true,"href":"https:\/\/promz.be\/fr\/wp-json\/wp\/v2\/comments?post=21010"}],"wp:attachment":[{"href":"https:\/\/promz.be\/fr\/wp-json\/wp\/v2\/media?parent=21010"}],"wp:term":[{"taxonomy":"product_cat","embeddable":true,"href":"https:\/\/promz.be\/fr\/wp-json\/wp\/v2\/product_cat?post=21010"},{"taxonomy":"product_tag","embeddable":true,"href":"https:\/\/promz.be\/fr\/wp-json\/wp\/v2\/product_tag?post=21010"}],"curies":[{"name":"wp","href":"https:\/\/api.w.org\/{rel}","templated":true}]}}