{"id":21420,"date":"2018-07-24T00:00:00","date_gmt":"2018-07-23T22:00:00","guid":{"rendered":"https:\/\/promz.be\/product\/alliance-small-bracelet-acier-inoxydable\/"},"modified":"2018-07-24T00:00:00","modified_gmt":"2018-07-23T22:00:00","slug":"alliance-small-bracelet-acier-inoxydable","status":"publish","type":"product","link":"https:\/\/promz.be\/fr\/product\/alliance-small-bracelet-acier-inoxydable\/","title":{"rendered":"Alliance Small, bracelet acier inoxydable"},"content":{"rendered":"<p>L\u2019essence du temps.La montre Alliance incarne l\u2019\u00e9quilibre sophistiqu\u00e9 \u00e0 la perfection. D\u2019un caract\u00e8re affirm\u00e9 et dynamique, elle n\u2019en reste pas moins d\u00e9licate. Accessoire de choix pour toutes les femmes attach\u00e9es aux d\u00e9tails, celles-ci appr\u00e9cieront son style classique. Et une fois adopt\u00e9e, elle vous accompagnera des d\u00e9cennies durant. Son cadran bross\u00e9 et ses marqueurs \u00e9l\u00e9gants en forme de fl\u00e8che soulignent d\u00e9licatement ses jolies courbes. Un chef d\u2019\u0153uvre r\u00e9solument f\u00e9minin.<\/p>\n","protected":false},"excerpt":{"rendered":"<p>L\u2019essence du temps.La montre Alliance incarne l\u2019\u00e9quilibre sophistiqu\u00e9 \u00e0 la perfection. D\u2019un caract\u00e8re affirm\u00e9 et dynamique, elle n\u2019en reste pas moins d\u00e9licate. Accessoire de choix pour toutes les femmes attach\u00e9es aux d\u00e9tails, celles-ci appr\u00e9cieront son style classique. Et une fois adopt\u00e9e, elle vous accompagnera des d\u00e9cennies durant. Son cadran bross\u00e9 et ses marqueurs \u00e9l\u00e9gants en forme de fl\u00e8che soulignent d\u00e9licatement ses jolies courbes. Un chef d\u2019\u0153uvre r\u00e9solument f\u00e9minin. [&#8230;]<\/p>\n<p><a class=\"btn btn-secondary understrap-read-more-link\" href=\"https:\/\/promz.be\/fr\/product\/alliance-small-bracelet-acier-inoxydable\/\">Lire la suite&#8230;<\/a><\/p>\n","protected":false},"featured_media":21314,"comment_status":"closed","ping_status":"open","template":"","meta":[],"product_cat":[8745],"product_tag":[],"_links":{"self":[{"href":"https:\/\/promz.be\/fr\/wp-json\/wp\/v2\/product\/21420"}],"collection":[{"href":"https:\/\/promz.be\/fr\/wp-json\/wp\/v2\/product"}],"about":[{"href":"https:\/\/promz.be\/fr\/wp-json\/wp\/v2\/types\/product"}],"replies":[{"embeddable":true,"href":"https:\/\/promz.be\/fr\/wp-json\/wp\/v2\/comments?post=21420"}],"wp:featuredmedia":[{"embeddable":true,"href":"https:\/\/promz.be\/fr\/wp-json\/wp\/v2\/media\/21314"}],"wp:attachment":[{"href":"https:\/\/promz.be\/fr\/wp-json\/wp\/v2\/media?parent=21420"}],"wp:term":[{"taxonomy":"product_cat","embeddable":true,"href":"https:\/\/promz.be\/fr\/wp-json\/wp\/v2\/product_cat?post=21420"},{"taxonomy":"product_tag","embeddable":true,"href":"https:\/\/promz.be\/fr\/wp-json\/wp\/v2\/product_tag?post=21420"}],"curies":[{"name":"wp","href":"https:\/\/api.w.org\/{rel}","templated":true}]}}