{"id":21422,"date":"2018-11-09T00:00:00","date_gmt":"2018-11-08T23:00:00","guid":{"rendered":"https:\/\/promz.be\/product\/alliance-sport-chronograph\/"},"modified":"2018-11-09T00:00:00","modified_gmt":"2018-11-08T23:00:00","slug":"alliance-sport-chronograph","status":"publish","type":"product","link":"https:\/\/promz.be\/fr\/product\/alliance-sport-chronograph\/","title":{"rendered":"Alliance Sport Chronograph"},"content":{"rendered":"<p>Pr\u00e9parez-vous \u00e0 battre de nouveaux records.Audacieuse, robuste et pr\u00eate \u00e0 relever tous les d\u00e9fis. Voici notre Alliance Sport Chronograph : une montre \u00e0 l\u2019esprit comp\u00e9titif et au look \u00e9l\u00e9gant. C\u2019est aussi la partenaire sportive id\u00e9ale ; celle qui vous pousse \u00e0 d\u00e9passer vos limites, que ce soit \u00e0 v\u00e9lo, sur un circuit ou sur une piste. Avec sa lunette tachym\u00e9trique, le contrepoids de son aiguille des secondes et ses index en forme de couteau suisse, elle est \u00e0 l\u2019image de sa mission : pr\u00e9cise et faite pour la comp\u00e9tition. Gardez le rythme&#8230;<\/p>\n","protected":false},"excerpt":{"rendered":"<p>Pr\u00e9parez-vous \u00e0 battre de nouveaux records.Audacieuse, robuste et pr\u00eate \u00e0 relever tous les d\u00e9fis. Voici notre Alliance Sport Chronograph : une montre \u00e0 l\u2019esprit comp\u00e9titif et au look \u00e9l\u00e9gant. C\u2019est aussi la partenaire sportive id\u00e9ale ; celle qui vous pousse \u00e0 d\u00e9passer vos limites, que ce soit \u00e0 v\u00e9lo, sur un circuit ou sur une piste. Avec sa lunette tachym\u00e9trique, le contrepoids de son aiguille des secondes et ses index en forme de couteau suisse, elle est \u00e0 l\u2019image de sa mission : pr\u00e9cise et faite pour la comp\u00e9tition. Gardez le rythme&#8230; [&#8230;]<\/p>\n<p><a class=\"btn btn-secondary understrap-read-more-link\" href=\"https:\/\/promz.be\/fr\/product\/alliance-sport-chronograph\/\">Lire la suite&#8230;<\/a><\/p>\n","protected":false},"featured_media":21318,"comment_status":"closed","ping_status":"open","template":"","meta":[],"product_cat":[951,946,987,1000],"product_tag":[6133,6134,4862,6769,3584],"_links":{"self":[{"href":"https:\/\/promz.be\/fr\/wp-json\/wp\/v2\/product\/21422"}],"collection":[{"href":"https:\/\/promz.be\/fr\/wp-json\/wp\/v2\/product"}],"about":[{"href":"https:\/\/promz.be\/fr\/wp-json\/wp\/v2\/types\/product"}],"replies":[{"embeddable":true,"href":"https:\/\/promz.be\/fr\/wp-json\/wp\/v2\/comments?post=21422"}],"wp:featuredmedia":[{"embeddable":true,"href":"https:\/\/promz.be\/fr\/wp-json\/wp\/v2\/media\/21318"}],"wp:attachment":[{"href":"https:\/\/promz.be\/fr\/wp-json\/wp\/v2\/media?parent=21422"}],"wp:term":[{"taxonomy":"product_cat","embeddable":true,"href":"https:\/\/promz.be\/fr\/wp-json\/wp\/v2\/product_cat?post=21422"},{"taxonomy":"product_tag","embeddable":true,"href":"https:\/\/promz.be\/fr\/wp-json\/wp\/v2\/product_tag?post=21422"}],"curies":[{"name":"wp","href":"https:\/\/api.w.org\/{rel}","templated":true}]}}