{"id":21423,"date":"2018-06-15T00:00:00","date_gmt":"2018-06-14T22:00:00","guid":{"rendered":"https:\/\/promz.be\/product\/altmont-active-l-w-compact-backpack-dark-teal\/"},"modified":"2018-06-15T00:00:00","modified_gmt":"2018-06-14T22:00:00","slug":"altmont-active-l-w-compact-backpack-dark-teal","status":"publish","type":"product","link":"https:\/\/promz.be\/fr\/product\/altmont-active-l-w-compact-backpack-dark-teal\/","title":{"rendered":"Altmont Active L.W., Compact Backpack, Dark Teal"},"content":{"rendered":"<p>Con\u00e7u pour transporter un syst\u00e8me d&#8217;hydratation. La sangle poitrine r\u00e9glable avec fermeture aimant\u00e9e permet une distribution uniforme du poids<\/p>\n","protected":false},"excerpt":{"rendered":"<p>Con\u00e7u pour transporter un syst\u00e8me d&#8217;hydratation. La sangle poitrine r\u00e9glable avec fermeture aimant\u00e9e permet une distribution uniforme du poids [&#8230;]<\/p>\n<p><a class=\"btn btn-secondary understrap-read-more-link\" href=\"https:\/\/promz.be\/fr\/product\/altmont-active-l-w-compact-backpack-dark-teal\/\">Lire la suite&#8230;<\/a><\/p>\n","protected":false},"featured_media":21320,"comment_status":"closed","ping_status":"open","template":"","meta":[],"product_cat":[1014,994,978,954],"product_tag":[6770,4862,3167],"_links":{"self":[{"href":"https:\/\/promz.be\/fr\/wp-json\/wp\/v2\/product\/21423"}],"collection":[{"href":"https:\/\/promz.be\/fr\/wp-json\/wp\/v2\/product"}],"about":[{"href":"https:\/\/promz.be\/fr\/wp-json\/wp\/v2\/types\/product"}],"replies":[{"embeddable":true,"href":"https:\/\/promz.be\/fr\/wp-json\/wp\/v2\/comments?post=21423"}],"wp:featuredmedia":[{"embeddable":true,"href":"https:\/\/promz.be\/fr\/wp-json\/wp\/v2\/media\/21320"}],"wp:attachment":[{"href":"https:\/\/promz.be\/fr\/wp-json\/wp\/v2\/media?parent=21423"}],"wp:term":[{"taxonomy":"product_cat","embeddable":true,"href":"https:\/\/promz.be\/fr\/wp-json\/wp\/v2\/product_cat?post=21423"},{"taxonomy":"product_tag","embeddable":true,"href":"https:\/\/promz.be\/fr\/wp-json\/wp\/v2\/product_tag?post=21423"}],"curies":[{"name":"wp","href":"https:\/\/api.w.org\/{rel}","templated":true}]}}