{"id":21424,"date":"2018-09-28T00:00:00","date_gmt":"2018-09-27T22:00:00","guid":{"rendered":"https:\/\/promz.be\/product\/altmont-professional-compact-laptop-backpack-black\/"},"modified":"2018-09-28T00:00:00","modified_gmt":"2018-09-27T22:00:00","slug":"altmont-professional-compact-laptop-backpack-black","status":"publish","type":"product","link":"https:\/\/promz.be\/fr\/product\/altmont-professional-compact-laptop-backpack-black\/","title":{"rendered":"Altmont Professional, Compact Laptop Backpack, Black"},"content":{"rendered":"<p>Compact, mobile et astucieux en termes de rangement, le compartiment principal de ce sac \u00e0 dos est pourvu d&#8217;un s\u00e9parateur de dossiers et de deux poches lat\u00e9rales en filet mesh \u00e9lastique<\/p>\n","protected":false},"excerpt":{"rendered":"<p>Compact, mobile et astucieux en termes de rangement, le compartiment principal de ce sac \u00e0 dos est pourvu d&#8217;un s\u00e9parateur de dossiers et de deux poches lat\u00e9rales en filet mesh \u00e9lastique [&#8230;]<\/p>\n<p><a class=\"btn btn-secondary understrap-read-more-link\" href=\"https:\/\/promz.be\/fr\/product\/altmont-professional-compact-laptop-backpack-black\/\">Lire la suite&#8230;<\/a><\/p>\n","protected":false},"featured_media":21322,"comment_status":"closed","ping_status":"open","template":"","meta":[],"product_cat":[1014,994,978,954],"product_tag":[6770,4862,3167],"_links":{"self":[{"href":"https:\/\/promz.be\/fr\/wp-json\/wp\/v2\/product\/21424"}],"collection":[{"href":"https:\/\/promz.be\/fr\/wp-json\/wp\/v2\/product"}],"about":[{"href":"https:\/\/promz.be\/fr\/wp-json\/wp\/v2\/types\/product"}],"replies":[{"embeddable":true,"href":"https:\/\/promz.be\/fr\/wp-json\/wp\/v2\/comments?post=21424"}],"wp:featuredmedia":[{"embeddable":true,"href":"https:\/\/promz.be\/fr\/wp-json\/wp\/v2\/media\/21322"}],"wp:attachment":[{"href":"https:\/\/promz.be\/fr\/wp-json\/wp\/v2\/media?parent=21424"}],"wp:term":[{"taxonomy":"product_cat","embeddable":true,"href":"https:\/\/promz.be\/fr\/wp-json\/wp\/v2\/product_cat?post=21424"},{"taxonomy":"product_tag","embeddable":true,"href":"https:\/\/promz.be\/fr\/wp-json\/wp\/v2\/product_tag?post=21424"}],"curies":[{"name":"wp","href":"https:\/\/api.w.org\/{rel}","templated":true}]}}