{"id":21425,"date":"2018-08-31T00:00:00","date_gmt":"2018-08-30T22:00:00","guid":{"rendered":"https:\/\/promz.be\/product\/avenue\/"},"modified":"2018-08-31T00:00:00","modified_gmt":"2018-08-30T22:00:00","slug":"avenue","status":"publish","type":"product","link":"https:\/\/promz.be\/fr\/product\/avenue\/","title":{"rendered":"Avenue"},"content":{"rendered":"<p>Les mod\u00e8les de la collection Avenue ont pour vocation essentielle de vous accompagner au quotidien, quel que soit votre style de vie. Le design sobre et \u00e9pur\u00e9 met en valeur des cadrans blancs ou noirs d\u2019une lisibilit\u00e9 efficace dans l\u2019obscurit\u00e9, gr\u00e2ce au rev\u00eatement Superluminova des points lumineux et des aiguilles. La gamme Avenue est disponible sur bracelets acier ou silicone dont les diff\u00e9rentes couleurs sont adapt\u00e9es aux tendances saisonni\u00e8res. La collection Avenue, 3-aiguilles et date, est disponible en tailles \u00d842mm et 35mm. Etanche 100m. Tous les mod\u00e8les Wenger sont couverts par une garantie internationale de 3 ans.<\/p>\n","protected":false},"excerpt":{"rendered":"<p>Les mod\u00e8les de la collection Avenue ont pour vocation essentielle de vous accompagner au quotidien, quel que soit votre style de vie. Le design sobre et \u00e9pur\u00e9 met en valeur des cadrans blancs ou noirs d\u2019une lisibilit\u00e9 efficace dans l\u2019obscurit\u00e9, gr\u00e2ce au rev\u00eatement Superluminova des points lumineux et des aiguilles. La gamme Avenue est disponible sur bracelets acier ou silicone dont les diff\u00e9rentes couleurs sont adapt\u00e9es aux tendances saisonni\u00e8res. La collection Avenue, 3-aiguilles et date, est disponible en tailles \u00d842mm et 35mm. Etanche 100m. Tous les mod\u00e8les Wenger sont couverts par une garantie internationale de 3 ans. [&#8230;]<\/p>\n<p><a class=\"btn btn-secondary understrap-read-more-link\" href=\"https:\/\/promz.be\/fr\/product\/avenue\/\">Lire la suite&#8230;<\/a><\/p>\n","protected":false},"featured_media":21326,"comment_status":"closed","ping_status":"open","template":"","meta":[],"product_cat":[951,946,987,1000],"product_tag":[6133,6134,4862,6769,3584],"_links":{"self":[{"href":"https:\/\/promz.be\/fr\/wp-json\/wp\/v2\/product\/21425"}],"collection":[{"href":"https:\/\/promz.be\/fr\/wp-json\/wp\/v2\/product"}],"about":[{"href":"https:\/\/promz.be\/fr\/wp-json\/wp\/v2\/types\/product"}],"replies":[{"embeddable":true,"href":"https:\/\/promz.be\/fr\/wp-json\/wp\/v2\/comments?post=21425"}],"wp:featuredmedia":[{"embeddable":true,"href":"https:\/\/promz.be\/fr\/wp-json\/wp\/v2\/media\/21326"}],"wp:attachment":[{"href":"https:\/\/promz.be\/fr\/wp-json\/wp\/v2\/media?parent=21425"}],"wp:term":[{"taxonomy":"product_cat","embeddable":true,"href":"https:\/\/promz.be\/fr\/wp-json\/wp\/v2\/product_cat?post=21425"},{"taxonomy":"product_tag","embeddable":true,"href":"https:\/\/promz.be\/fr\/wp-json\/wp\/v2\/product_tag?post=21425"}],"curies":[{"name":"wp","href":"https:\/\/api.w.org\/{rel}","templated":true}]}}