{"id":21426,"date":"2018-08-16T00:00:00","date_gmt":"2018-08-15T22:00:00","guid":{"rendered":"https:\/\/promz.be\/product\/bike-tool\/"},"modified":"2018-08-16T00:00:00","modified_gmt":"2018-08-15T22:00:00","slug":"bike-tool","status":"publish","type":"product","link":"https:\/\/promz.be\/fr\/product\/bike-tool\/","title":{"rendered":"Bike tool"},"content":{"rendered":"<p>Outil de sport avec 13 fonctions con\u00e7u pour les cyclistes. Le v\u00e9lo, ce n\u2019est pas qu\u2019une machine qui vous transporte d\u2019un point A \u00e0 un point B, c\u2019est un v\u00e9ritable mode de vie, synonyme de bonheur et de libert\u00e9. Gardez donc votre pr\u00e9cieux compagnon au meilleur de sa forme en vous d\u00e9pla\u00e7ant toujours avec votre BikeTool. Avec ses 98 grammes, il saura se faire oublier, jusqu\u2019\u00e0 ce que vous en ayez besoin. Au moment de passer \u00e0 l\u2019action, il vous offrira tous les outils n\u00e9cessaires pour vous remettre en selle.<\/p>\n","protected":false},"excerpt":{"rendered":"<p>Outil de sport avec 13 fonctions con\u00e7u pour les cyclistes. Le v\u00e9lo, ce n\u2019est pas qu\u2019une machine qui vous transporte d\u2019un point A \u00e0 un point B, c\u2019est un v\u00e9ritable mode de vie, synonyme de bonheur et de libert\u00e9. Gardez donc votre pr\u00e9cieux compagnon au meilleur de sa forme en vous d\u00e9pla\u00e7ant toujours avec votre BikeTool. Avec ses 98 grammes, il saura se faire oublier, jusqu\u2019\u00e0 ce que vous en ayez besoin. Au moment de passer \u00e0 l\u2019action, il vous offrira tous les outils n\u00e9cessaires pour vous remettre en selle. [&#8230;]<\/p>\n<p><a class=\"btn btn-secondary understrap-read-more-link\" href=\"https:\/\/promz.be\/fr\/product\/bike-tool\/\">Lire la suite&#8230;<\/a><\/p>\n","protected":false},"featured_media":21328,"comment_status":"closed","ping_status":"open","template":"","meta":[],"product_cat":[952,1023,953,985,983],"product_tag":[6134,4862,6765],"_links":{"self":[{"href":"https:\/\/promz.be\/fr\/wp-json\/wp\/v2\/product\/21426"}],"collection":[{"href":"https:\/\/promz.be\/fr\/wp-json\/wp\/v2\/product"}],"about":[{"href":"https:\/\/promz.be\/fr\/wp-json\/wp\/v2\/types\/product"}],"replies":[{"embeddable":true,"href":"https:\/\/promz.be\/fr\/wp-json\/wp\/v2\/comments?post=21426"}],"wp:featuredmedia":[{"embeddable":true,"href":"https:\/\/promz.be\/fr\/wp-json\/wp\/v2\/media\/21328"}],"wp:attachment":[{"href":"https:\/\/promz.be\/fr\/wp-json\/wp\/v2\/media?parent=21426"}],"wp:term":[{"taxonomy":"product_cat","embeddable":true,"href":"https:\/\/promz.be\/fr\/wp-json\/wp\/v2\/product_cat?post=21426"},{"taxonomy":"product_tag","embeddable":true,"href":"https:\/\/promz.be\/fr\/wp-json\/wp\/v2\/product_tag?post=21426"}],"curies":[{"name":"wp","href":"https:\/\/api.w.org\/{rel}","templated":true}]}}