{"id":21427,"date":"2018-06-13T00:00:00","date_gmt":"2018-06-12T22:00:00","guid":{"rendered":"https:\/\/promz.be\/product\/classic-sd\/"},"modified":"2018-06-13T00:00:00","modified_gmt":"2018-06-12T22:00:00","slug":"classic-sd","status":"publish","type":"product","link":"https:\/\/promz.be\/fr\/product\/classic-sd\/","title":{"rendered":"Classic SD"},"content":{"rendered":"<p>Petit couteau de poche avec ciseaux et tournevis.Tout a commenc\u00e9 avec le couteau d\u2019officier suisse qui, un si\u00e8cle plus tard, reste une ic\u00f4ne en mati\u00e8re de fonctionnalit\u00e9 et d\u2019\u00e9l\u00e9gance. Comme tous nos couteaux, le Classic est con\u00e7u pour durer toute une vie. Il offre \u00e0 chacun toutes les fonctions indispensables pour ses aventures du quotidien dans un design \u00e0 la fois \u00e9l\u00e9gant et intemporel. S\u2019engager pour la vie n\u2019a jamais \u00e9t\u00e9 aussi simple.<\/p>\n","protected":false},"excerpt":{"rendered":"<p>Petit couteau de poche avec ciseaux et tournevis.Tout a commenc\u00e9 avec le couteau d\u2019officier suisse qui, un si\u00e8cle plus tard, reste une ic\u00f4ne en mati\u00e8re de fonctionnalit\u00e9 et d\u2019\u00e9l\u00e9gance. Comme tous nos couteaux, le Classic est con\u00e7u pour durer toute une vie. Il offre \u00e0 chacun toutes les fonctions indispensables pour ses aventures du quotidien dans un design \u00e0 la fois \u00e9l\u00e9gant et intemporel. S\u2019engager pour la vie n\u2019a jamais \u00e9t\u00e9 aussi simple. [&#8230;]<\/p>\n<p><a class=\"btn btn-secondary understrap-read-more-link\" href=\"https:\/\/promz.be\/fr\/product\/classic-sd\/\">Lire la suite&#8230;<\/a><\/p>\n","protected":false},"featured_media":21332,"comment_status":"closed","ping_status":"open","template":"","meta":[],"product_cat":[952,980,948,1039,957,1018],"product_tag":[6134,4862,6765],"_links":{"self":[{"href":"https:\/\/promz.be\/fr\/wp-json\/wp\/v2\/product\/21427"}],"collection":[{"href":"https:\/\/promz.be\/fr\/wp-json\/wp\/v2\/product"}],"about":[{"href":"https:\/\/promz.be\/fr\/wp-json\/wp\/v2\/types\/product"}],"replies":[{"embeddable":true,"href":"https:\/\/promz.be\/fr\/wp-json\/wp\/v2\/comments?post=21427"}],"wp:featuredmedia":[{"embeddable":true,"href":"https:\/\/promz.be\/fr\/wp-json\/wp\/v2\/media\/21332"}],"wp:attachment":[{"href":"https:\/\/promz.be\/fr\/wp-json\/wp\/v2\/media?parent=21427"}],"wp:term":[{"taxonomy":"product_cat","embeddable":true,"href":"https:\/\/promz.be\/fr\/wp-json\/wp\/v2\/product_cat?post=21427"},{"taxonomy":"product_tag","embeddable":true,"href":"https:\/\/promz.be\/fr\/wp-json\/wp\/v2\/product_tag?post=21427"}],"curies":[{"name":"wp","href":"https:\/\/api.w.org\/{rel}","templated":true}]}}