{"id":21428,"date":"2018-08-24T00:00:00","date_gmt":"2018-08-23T22:00:00","guid":{"rendered":"https:\/\/promz.be\/product\/coupe-ongles\/"},"modified":"2018-08-24T00:00:00","modified_gmt":"2018-08-23T22:00:00","slug":"coupe-ongles","status":"publish","type":"product","link":"https:\/\/promz.be\/fr\/product\/coupe-ongles\/","title":{"rendered":"Coupe-ongles"},"content":{"rendered":"<p>Coupe-ongles avec anneau pour cha\u00eenette porte-clefs. Les d\u00e9tails qui font toute la diff\u00e9rence. Aussi aff\u00fbt\u00e9 que vous, le coupe-ongles garde vos ongles parfaitement propres en toutes circonstances. Son format ultra-compact cache m\u00eame une lime \u00e0 ongles tr\u00e8s utile. Accrochez-le \u00e0 vos cl\u00e9s et pr\u00e9parez-vous \u00e0 ouvrir avec \u00e9l\u00e9gance toutes les portes qui m\u00e8nent \u00e0 la r\u00e9ussite.<\/p>\n","protected":false},"excerpt":{"rendered":"<p>Coupe-ongles avec anneau pour cha\u00eenette porte-clefs. Les d\u00e9tails qui font toute la diff\u00e9rence. Aussi aff\u00fbt\u00e9 que vous, le coupe-ongles garde vos ongles parfaitement propres en toutes circonstances. Son format ultra-compact cache m\u00eame une lime \u00e0 ongles tr\u00e8s utile. Accrochez-le \u00e0 vos cl\u00e9s et pr\u00e9parez-vous \u00e0 ouvrir avec \u00e9l\u00e9gance toutes les portes qui m\u00e8nent \u00e0 la r\u00e9ussite. [&#8230;]<\/p>\n<p><a class=\"btn btn-secondary understrap-read-more-link\" href=\"https:\/\/promz.be\/fr\/product\/coupe-ongles\/\">Lire la suite&#8230;<\/a><\/p>\n","protected":false},"featured_media":21202,"comment_status":"closed","ping_status":"open","template":"","meta":[],"product_cat":[980,1035,957,949],"product_tag":[6134,4862,6767],"_links":{"self":[{"href":"https:\/\/promz.be\/fr\/wp-json\/wp\/v2\/product\/21428"}],"collection":[{"href":"https:\/\/promz.be\/fr\/wp-json\/wp\/v2\/product"}],"about":[{"href":"https:\/\/promz.be\/fr\/wp-json\/wp\/v2\/types\/product"}],"replies":[{"embeddable":true,"href":"https:\/\/promz.be\/fr\/wp-json\/wp\/v2\/comments?post=21428"}],"wp:featuredmedia":[{"embeddable":true,"href":"https:\/\/promz.be\/fr\/wp-json\/wp\/v2\/media\/21202"}],"wp:attachment":[{"href":"https:\/\/promz.be\/fr\/wp-json\/wp\/v2\/media?parent=21428"}],"wp:term":[{"taxonomy":"product_cat","embeddable":true,"href":"https:\/\/promz.be\/fr\/wp-json\/wp\/v2\/product_cat?post=21428"},{"taxonomy":"product_tag","embeddable":true,"href":"https:\/\/promz.be\/fr\/wp-json\/wp\/v2\/product_tag?post=21428"}],"curies":[{"name":"wp","href":"https:\/\/api.w.org\/{rel}","templated":true}]}}