{"id":21430,"date":"2018-06-21T00:00:00","date_gmt":"2018-06-20T22:00:00","guid":{"rendered":"https:\/\/promz.be\/product\/couteau-a-steak-gourmet-swiss-classic-tranchant-dente\/"},"modified":"2018-06-21T00:00:00","modified_gmt":"2018-06-20T22:00:00","slug":"couteau-a-steak-gourmet-swiss-classic-tranchant-dente","status":"publish","type":"product","link":"https:\/\/promz.be\/fr\/product\/couteau-a-steak-gourmet-swiss-classic-tranchant-dente\/","title":{"rendered":"Couteau \u00e0 steak Gourmet Swiss Classic, tranchant dent\u00e9"},"content":{"rendered":"<p>Couteau \u00e0 steak avec manche ergonomique.Le couteau \u00e0 steak Victorinox vous permettra bien \u00e9videmment de d\u00e9couper en toute facilit\u00e9 votre steak mais il vous offre surtout une occasion de plus de partager un repas exquis avec vos amis. Car c\u2019est bien gr\u00e2ce \u00e0 sa lame tr\u00e8s tranchante et \u00e0 son manche ergonomique \u00e9pousant les contours de la main que vos convives peuvent venir \u00e0 bout de leur assiette sans effort et ainsi rester concentr\u00e9s sur le menu et le moment.<\/p>\n","protected":false},"excerpt":{"rendered":"<p>Couteau \u00e0 steak avec manche ergonomique.Le couteau \u00e0 steak Victorinox vous permettra bien \u00e9videmment de d\u00e9couper en toute facilit\u00e9 votre steak mais il vous offre surtout une occasion de plus de partager un repas exquis avec vos amis. Car c\u2019est bien gr\u00e2ce \u00e0 sa lame tr\u00e8s tranchante et \u00e0 son manche ergonomique \u00e9pousant les contours de la main que vos convives peuvent venir \u00e0 bout de leur assiette sans effort et ainsi rester concentr\u00e9s sur le menu et le moment. [&#8230;]<\/p>\n<p><a class=\"btn btn-secondary understrap-read-more-link\" href=\"https:\/\/promz.be\/fr\/product\/couteau-a-steak-gourmet-swiss-classic-tranchant-dente\/\">Lire la suite&#8230;<\/a><\/p>\n","protected":false},"featured_media":21208,"comment_status":"closed","ping_status":"open","template":"","meta":[],"product_cat":[947,980,988,950,957],"product_tag":[6134,4862,6765],"_links":{"self":[{"href":"https:\/\/promz.be\/fr\/wp-json\/wp\/v2\/product\/21430"}],"collection":[{"href":"https:\/\/promz.be\/fr\/wp-json\/wp\/v2\/product"}],"about":[{"href":"https:\/\/promz.be\/fr\/wp-json\/wp\/v2\/types\/product"}],"replies":[{"embeddable":true,"href":"https:\/\/promz.be\/fr\/wp-json\/wp\/v2\/comments?post=21430"}],"wp:featuredmedia":[{"embeddable":true,"href":"https:\/\/promz.be\/fr\/wp-json\/wp\/v2\/media\/21208"}],"wp:attachment":[{"href":"https:\/\/promz.be\/fr\/wp-json\/wp\/v2\/media?parent=21430"}],"wp:term":[{"taxonomy":"product_cat","embeddable":true,"href":"https:\/\/promz.be\/fr\/wp-json\/wp\/v2\/product_cat?post=21430"},{"taxonomy":"product_tag","embeddable":true,"href":"https:\/\/promz.be\/fr\/wp-json\/wp\/v2\/product_tag?post=21430"}],"curies":[{"name":"wp","href":"https:\/\/api.w.org\/{rel}","templated":true}]}}