{"id":21431,"date":"2018-10-29T00:00:00","date_gmt":"2018-10-28T23:00:00","guid":{"rendered":"https:\/\/promz.be\/product\/couteau-a-tomates-et-de-table-swiss-classic\/"},"modified":"2018-10-29T00:00:00","modified_gmt":"2018-10-28T23:00:00","slug":"couteau-a-tomates-et-de-table-swiss-classic","status":"publish","type":"product","link":"https:\/\/promz.be\/fr\/product\/couteau-a-tomates-et-de-table-swiss-classic\/","title":{"rendered":"Couteau \u00e0 tomates et de table Swiss Classic"},"content":{"rendered":"<p>Couteau d\u2019office avec lame dent\u00e9e au tranchant ultra aiguis\u00e9.Venez \u00e0 bout de la peau de cette tomate et montrez \u00e0 ce melon qui est le chef. Aucun l\u00e9gume ni fruit ne r\u00e9siste \u00e0 la lame dent\u00e9e de notre couteau d\u2019office. Et gr\u00e2ce \u00e0 son manche ergonomique et sa taille id\u00e9ale, vous pourriez m\u00eame bient\u00f4t l\u2019utiliser pour toutes vos autres pr\u00e9parations en cuisine.<\/p>\n","protected":false},"excerpt":{"rendered":"<p>Couteau d\u2019office avec lame dent\u00e9e au tranchant ultra aiguis\u00e9.Venez \u00e0 bout de la peau de cette tomate et montrez \u00e0 ce melon qui est le chef. Aucun l\u00e9gume ni fruit ne r\u00e9siste \u00e0 la lame dent\u00e9e de notre couteau d\u2019office. Et gr\u00e2ce \u00e0 son manche ergonomique et sa taille id\u00e9ale, vous pourriez m\u00eame bient\u00f4t l\u2019utiliser pour toutes vos autres pr\u00e9parations en cuisine. [&#8230;]<\/p>\n<p><a class=\"btn btn-secondary understrap-read-more-link\" href=\"https:\/\/promz.be\/fr\/product\/couteau-a-tomates-et-de-table-swiss-classic\/\">Lire la suite&#8230;<\/a><\/p>\n","protected":false},"featured_media":21210,"comment_status":"closed","ping_status":"open","template":"","meta":[],"product_cat":[980,988,950,946,957,1000],"product_tag":[6134,4862,6765],"_links":{"self":[{"href":"https:\/\/promz.be\/fr\/wp-json\/wp\/v2\/product\/21431"}],"collection":[{"href":"https:\/\/promz.be\/fr\/wp-json\/wp\/v2\/product"}],"about":[{"href":"https:\/\/promz.be\/fr\/wp-json\/wp\/v2\/types\/product"}],"replies":[{"embeddable":true,"href":"https:\/\/promz.be\/fr\/wp-json\/wp\/v2\/comments?post=21431"}],"wp:featuredmedia":[{"embeddable":true,"href":"https:\/\/promz.be\/fr\/wp-json\/wp\/v2\/media\/21210"}],"wp:attachment":[{"href":"https:\/\/promz.be\/fr\/wp-json\/wp\/v2\/media?parent=21431"}],"wp:term":[{"taxonomy":"product_cat","embeddable":true,"href":"https:\/\/promz.be\/fr\/wp-json\/wp\/v2\/product_cat?post=21431"},{"taxonomy":"product_tag","embeddable":true,"href":"https:\/\/promz.be\/fr\/wp-json\/wp\/v2\/product_tag?post=21431"}],"curies":[{"name":"wp","href":"https:\/\/api.w.org\/{rel}","templated":true}]}}