{"id":21433,"date":"2018-08-20T00:00:00","date_gmt":"2018-08-19T22:00:00","guid":{"rendered":"https:\/\/promz.be\/product\/eplucheur\/"},"modified":"2018-08-20T00:00:00","modified_gmt":"2018-08-19T22:00:00","slug":"eplucheur","status":"publish","type":"product","link":"https:\/\/promz.be\/fr\/product\/eplucheur\/","title":{"rendered":"\u00c9plucheur"},"content":{"rendered":"<p>\u00c9plucheur qui retire les imperfections.Que vous pr\u00e9pariez des pommes de terre, des concombres, des pommes ou des carottes, l\u2019\u00e9plucheur Victorinox vous permet de peler finement en laissant un maximum de mati\u00e8re \u00e0 travailler. La lame pivotante dispose d\u2019un simple tranchant. Une excroissance en plastique sur le c\u00f4t\u00e9 permet de retirer les petites imperfections. Pour une plus grande facilit\u00e9 d\u2019utilisation, l\u2019\u00e9plucheur passe au lave-vaisselle. Ainsi, une fois la t\u00e2che effectu\u00e9e, vous ne perdez pas une seconde.<\/p>\n","protected":false},"excerpt":{"rendered":"<p>\u00c9plucheur qui retire les imperfections.Que vous pr\u00e9pariez des pommes de terre, des concombres, des pommes ou des carottes, l\u2019\u00e9plucheur Victorinox vous permet de peler finement en laissant un maximum de mati\u00e8re \u00e0 travailler. La lame pivotante dispose d\u2019un simple tranchant. Une excroissance en plastique sur le c\u00f4t\u00e9 permet de retirer les petites imperfections. Pour une plus grande facilit\u00e9 d\u2019utilisation, l\u2019\u00e9plucheur passe au lave-vaisselle. Ainsi, une fois la t\u00e2che effectu\u00e9e, vous ne perdez pas une seconde. [&#8230;]<\/p>\n<p><a class=\"btn btn-secondary understrap-read-more-link\" href=\"https:\/\/promz.be\/fr\/product\/eplucheur\/\">Lire la suite&#8230;<\/a><\/p>\n","protected":false},"featured_media":21234,"comment_status":"closed","ping_status":"open","template":"","meta":[],"product_cat":[980,988,950,946,957],"product_tag":[6134,4862,6766],"_links":{"self":[{"href":"https:\/\/promz.be\/fr\/wp-json\/wp\/v2\/product\/21433"}],"collection":[{"href":"https:\/\/promz.be\/fr\/wp-json\/wp\/v2\/product"}],"about":[{"href":"https:\/\/promz.be\/fr\/wp-json\/wp\/v2\/types\/product"}],"replies":[{"embeddable":true,"href":"https:\/\/promz.be\/fr\/wp-json\/wp\/v2\/comments?post=21433"}],"wp:featuredmedia":[{"embeddable":true,"href":"https:\/\/promz.be\/fr\/wp-json\/wp\/v2\/media\/21234"}],"wp:attachment":[{"href":"https:\/\/promz.be\/fr\/wp-json\/wp\/v2\/media?parent=21433"}],"wp:term":[{"taxonomy":"product_cat","embeddable":true,"href":"https:\/\/promz.be\/fr\/wp-json\/wp\/v2\/product_cat?post=21433"},{"taxonomy":"product_tag","embeddable":true,"href":"https:\/\/promz.be\/fr\/wp-json\/wp\/v2\/product_tag?post=21433"}],"curies":[{"name":"wp","href":"https:\/\/api.w.org\/{rel}","templated":true}]}}