{"id":21434,"date":"2018-09-12T00:00:00","date_gmt":"2018-09-11T22:00:00","guid":{"rendered":"https:\/\/promz.be\/product\/eplucheur-universel\/"},"modified":"2018-09-12T00:00:00","modified_gmt":"2018-09-11T22:00:00","slug":"eplucheur-universel","status":"publish","type":"product","link":"https:\/\/promz.be\/fr\/product\/eplucheur-universel\/","title":{"rendered":"\u00c9plucheur universel"},"content":{"rendered":"<p>\u00c9plucheur universel au tranchant ultra aiguis\u00e9.La cuisine est un art tout en go\u00fbt et en couleurs. En tant que chef de votre cuisine, vous m\u00e9ritez les meilleurs outils pour exprimer votre cr\u00e9ativit\u00e9. C\u2019est l\u00e0 que l\u2019\u00c9plucheur universel Victorinox entre en sc\u00e8ne. Sa lame dentel\u00e9e vient \u00e0 bout des peaux les plus dures, tandis que son manche ergonomique rend la pr\u00e9paration de vos cr\u00e9ations aussi ludique que facile.<\/p>\n","protected":false},"excerpt":{"rendered":"<p>\u00c9plucheur universel au tranchant ultra aiguis\u00e9.La cuisine est un art tout en go\u00fbt et en couleurs. En tant que chef de votre cuisine, vous m\u00e9ritez les meilleurs outils pour exprimer votre cr\u00e9ativit\u00e9. C\u2019est l\u00e0 que l\u2019\u00c9plucheur universel Victorinox entre en sc\u00e8ne. Sa lame dentel\u00e9e vient \u00e0 bout des peaux les plus dures, tandis que son manche ergonomique rend la pr\u00e9paration de vos cr\u00e9ations aussi ludique que facile. [&#8230;]<\/p>\n<p><a class=\"btn btn-secondary understrap-read-more-link\" href=\"https:\/\/promz.be\/fr\/product\/eplucheur-universel\/\">Lire la suite&#8230;<\/a><\/p>\n","protected":false},"featured_media":21230,"comment_status":"closed","ping_status":"open","template":"","meta":[],"product_cat":[980,988,950,946,957,1000],"product_tag":[6134,4862,6765],"_links":{"self":[{"href":"https:\/\/promz.be\/fr\/wp-json\/wp\/v2\/product\/21434"}],"collection":[{"href":"https:\/\/promz.be\/fr\/wp-json\/wp\/v2\/product"}],"about":[{"href":"https:\/\/promz.be\/fr\/wp-json\/wp\/v2\/types\/product"}],"replies":[{"embeddable":true,"href":"https:\/\/promz.be\/fr\/wp-json\/wp\/v2\/comments?post=21434"}],"wp:featuredmedia":[{"embeddable":true,"href":"https:\/\/promz.be\/fr\/wp-json\/wp\/v2\/media\/21230"}],"wp:attachment":[{"href":"https:\/\/promz.be\/fr\/wp-json\/wp\/v2\/media?parent=21434"}],"wp:term":[{"taxonomy":"product_cat","embeddable":true,"href":"https:\/\/promz.be\/fr\/wp-json\/wp\/v2\/product_cat?post=21434"},{"taxonomy":"product_tag","embeddable":true,"href":"https:\/\/promz.be\/fr\/wp-json\/wp\/v2\/product_tag?post=21434"}],"curies":[{"name":"wp","href":"https:\/\/api.w.org\/{rel}","templated":true}]}}