{"id":21435,"date":"2018-10-04T00:00:00","date_gmt":"2018-10-03T22:00:00","guid":{"rendered":"https:\/\/promz.be\/product\/evolution-grip-10\/"},"modified":"2018-10-04T00:00:00","modified_gmt":"2018-10-03T22:00:00","slug":"evolution-grip-10","status":"publish","type":"product","link":"https:\/\/promz.be\/fr\/product\/evolution-grip-10\/","title":{"rendered":"Evolution grip 10"},"content":{"rendered":"<p>Couteau de poche de taille moyenne avec ouvre-bo\u00eetes. Accepter le changement, explorer de nouveaux horizons, progresser chaque jour&#8230; C\u2019est l\u2019esprit de la collection Evolution. Avec le mod\u00e8le Evolution Grip 10, nous vous fournissons l\u2019outil parfait pour vos aventures de tous les jours. Il comprend toutes les fonctions dont vous avez besoin dans ses c\u00f4tes \u00e0 la forme sp\u00e9ciale offrant une prise en main et une stabilit\u00e9 exceptionnelles. Pour travailler plus vite et aller toujours plus loin, rien de mieux que la gamme Evolution.<\/p>\n","protected":false},"excerpt":{"rendered":"<p>Couteau de poche de taille moyenne avec ouvre-bo\u00eetes. Accepter le changement, explorer de nouveaux horizons, progresser chaque jour&#8230; C\u2019est l\u2019esprit de la collection Evolution. Avec le mod\u00e8le Evolution Grip 10, nous vous fournissons l\u2019outil parfait pour vos aventures de tous les jours. Il comprend toutes les fonctions dont vous avez besoin dans ses c\u00f4tes \u00e0 la forme sp\u00e9ciale offrant une prise en main et une stabilit\u00e9 exceptionnelles. Pour travailler plus vite et aller toujours plus loin, rien de mieux que la gamme Evolution. [&#8230;]<\/p>\n<p><a class=\"btn btn-secondary understrap-read-more-link\" href=\"https:\/\/promz.be\/fr\/product\/evolution-grip-10\/\">Lire la suite&#8230;<\/a><\/p>\n","protected":false},"featured_media":21236,"comment_status":"closed","ping_status":"open","template":"","meta":[],"product_cat":[952,947,966,1039],"product_tag":[6134,4862,6765],"_links":{"self":[{"href":"https:\/\/promz.be\/fr\/wp-json\/wp\/v2\/product\/21435"}],"collection":[{"href":"https:\/\/promz.be\/fr\/wp-json\/wp\/v2\/product"}],"about":[{"href":"https:\/\/promz.be\/fr\/wp-json\/wp\/v2\/types\/product"}],"replies":[{"embeddable":true,"href":"https:\/\/promz.be\/fr\/wp-json\/wp\/v2\/comments?post=21435"}],"wp:featuredmedia":[{"embeddable":true,"href":"https:\/\/promz.be\/fr\/wp-json\/wp\/v2\/media\/21236"}],"wp:attachment":[{"href":"https:\/\/promz.be\/fr\/wp-json\/wp\/v2\/media?parent=21435"}],"wp:term":[{"taxonomy":"product_cat","embeddable":true,"href":"https:\/\/promz.be\/fr\/wp-json\/wp\/v2\/product_cat?post=21435"},{"taxonomy":"product_tag","embeddable":true,"href":"https:\/\/promz.be\/fr\/wp-json\/wp\/v2\/product_tag?post=21435"}],"curies":[{"name":"wp","href":"https:\/\/api.w.org\/{rel}","templated":true}]}}