{"id":21438,"date":"2018-06-13T00:00:00","date_gmt":"2018-06-12T22:00:00","guid":{"rendered":"https:\/\/promz.be\/product\/i-n-o-x-titanium-bracelet-orange\/"},"modified":"2018-06-13T00:00:00","modified_gmt":"2018-06-12T22:00:00","slug":"i-n-o-x-titanium-bracelet-orange","status":"publish","type":"product","link":"https:\/\/promz.be\/fr\/product\/i-n-o-x-titanium-bracelet-orange\/","title":{"rendered":"I.N.O.X. Titanium , bracelet  orange"},"content":{"rendered":"<p>La technicit\u00e9 habill\u00e9e d\u2019audace.La nouvelle I.N.O.X. Titanium 43 mm au profil high-tech est un bijou de savoir-faire qui deviendra \u00e0 coup s\u00fbr une ic\u00f4ne d\u2019horlogerie. En titane l\u00e9ger pour une long\u00e9vit\u00e9 exceptionnelle, elle s\u2019adapte \u00e0 la jungle urbaine ou exotique. Son cadran gris mat discret est contrebalanc\u00e9 par une aiguille de seconde au design audacieux et trois couleurs de bracelet en caoutchouc au choix.<\/p>\n","protected":false},"excerpt":{"rendered":"<p>La technicit\u00e9 habill\u00e9e d\u2019audace.La nouvelle I.N.O.X. Titanium 43 mm au profil high-tech est un bijou de savoir-faire qui deviendra \u00e0 coup s\u00fbr une ic\u00f4ne d\u2019horlogerie. En titane l\u00e9ger pour une long\u00e9vit\u00e9 exceptionnelle, elle s\u2019adapte \u00e0 la jungle urbaine ou exotique. Son cadran gris mat discret est contrebalanc\u00e9 par une aiguille de seconde au design audacieux et trois couleurs de bracelet en caoutchouc au choix. [&#8230;]<\/p>\n<p><a class=\"btn btn-secondary understrap-read-more-link\" href=\"https:\/\/promz.be\/fr\/product\/i-n-o-x-titanium-bracelet-orange\/\">Lire la suite&#8230;<\/a><\/p>\n","protected":false},"featured_media":21242,"comment_status":"closed","ping_status":"open","template":"","meta":[],"product_cat":[951,946,987,1000],"product_tag":[6133,6134,4862,6769,3584],"_links":{"self":[{"href":"https:\/\/promz.be\/fr\/wp-json\/wp\/v2\/product\/21438"}],"collection":[{"href":"https:\/\/promz.be\/fr\/wp-json\/wp\/v2\/product"}],"about":[{"href":"https:\/\/promz.be\/fr\/wp-json\/wp\/v2\/types\/product"}],"replies":[{"embeddable":true,"href":"https:\/\/promz.be\/fr\/wp-json\/wp\/v2\/comments?post=21438"}],"wp:featuredmedia":[{"embeddable":true,"href":"https:\/\/promz.be\/fr\/wp-json\/wp\/v2\/media\/21242"}],"wp:attachment":[{"href":"https:\/\/promz.be\/fr\/wp-json\/wp\/v2\/media?parent=21438"}],"wp:term":[{"taxonomy":"product_cat","embeddable":true,"href":"https:\/\/promz.be\/fr\/wp-json\/wp\/v2\/product_cat?post=21438"},{"taxonomy":"product_tag","embeddable":true,"href":"https:\/\/promz.be\/fr\/wp-json\/wp\/v2\/product_tag?post=21438"}],"curies":[{"name":"wp","href":"https:\/\/api.w.org\/{rel}","templated":true}]}}