{"id":21440,"date":"2018-10-17T00:00:00","date_gmt":"2018-10-16T22:00:00","guid":{"rendered":"https:\/\/promz.be\/product\/nail-clip-wood-580\/"},"modified":"2018-10-17T00:00:00","modified_gmt":"2018-10-16T22:00:00","slug":"nail-clip-wood-580","status":"publish","type":"product","link":"https:\/\/promz.be\/fr\/product\/nail-clip-wood-580\/","title":{"rendered":"Nail Clip Wood 580"},"content":{"rendered":"<p>Petit couteau de poche avec coupe-ongles. Profitez d\u2019un outil multifonctionnel aussi aff\u00fbt\u00e9 que votre style. Comme chaque couteau de poche Victorinox, le Nail Clip Wood 580 compact est l\u2019outil indispensable aussi bien dans la nature qu\u2019au bureau. Et gr\u00e2ce \u00e0 son m\u00e9canisme de fermeture, il assurera autant la protection de vos doigts que la propret\u00e9 de vos ongles.<\/p>\n","protected":false},"excerpt":{"rendered":"<p>Petit couteau de poche avec coupe-ongles. Profitez d\u2019un outil multifonctionnel aussi aff\u00fbt\u00e9 que votre style. Comme chaque couteau de poche Victorinox, le Nail Clip Wood 580 compact est l\u2019outil indispensable aussi bien dans la nature qu\u2019au bureau. Et gr\u00e2ce \u00e0 son m\u00e9canisme de fermeture, il assurera autant la protection de vos doigts que la propret\u00e9 de vos ongles. [&#8230;]<\/p>\n<p><a class=\"btn btn-secondary understrap-read-more-link\" href=\"https:\/\/promz.be\/fr\/product\/nail-clip-wood-580\/\">Lire la suite&#8230;<\/a><\/p>\n","protected":false},"featured_media":21248,"comment_status":"closed","ping_status":"open","template":"","meta":[],"product_cat":[1014,952,1035,1039,954,949],"product_tag":[6134,4862,6765],"_links":{"self":[{"href":"https:\/\/promz.be\/fr\/wp-json\/wp\/v2\/product\/21440"}],"collection":[{"href":"https:\/\/promz.be\/fr\/wp-json\/wp\/v2\/product"}],"about":[{"href":"https:\/\/promz.be\/fr\/wp-json\/wp\/v2\/types\/product"}],"replies":[{"embeddable":true,"href":"https:\/\/promz.be\/fr\/wp-json\/wp\/v2\/comments?post=21440"}],"wp:featuredmedia":[{"embeddable":true,"href":"https:\/\/promz.be\/fr\/wp-json\/wp\/v2\/media\/21248"}],"wp:attachment":[{"href":"https:\/\/promz.be\/fr\/wp-json\/wp\/v2\/media?parent=21440"}],"wp:term":[{"taxonomy":"product_cat","embeddable":true,"href":"https:\/\/promz.be\/fr\/wp-json\/wp\/v2\/product_cat?post=21440"},{"taxonomy":"product_tag","embeddable":true,"href":"https:\/\/promz.be\/fr\/wp-json\/wp\/v2\/product_tag?post=21440"}],"curies":[{"name":"wp","href":"https:\/\/api.w.org\/{rel}","templated":true}]}}