{"id":21441,"date":"2018-06-12T00:00:00","date_gmt":"2018-06-11T22:00:00","guid":{"rendered":"https:\/\/promz.be\/product\/outrider\/"},"modified":"2018-06-12T00:00:00","modified_gmt":"2018-06-11T22:00:00","slug":"outrider","status":"publish","type":"product","link":"https:\/\/promz.be\/fr\/product\/outrider\/","title":{"rendered":"Outrider"},"content":{"rendered":"<p>Grand couteau de poche avec ciseaux .Original sans \u00eatre excentrique, notre couteau Outrider accompagne les plus intr\u00e9pides. Aventurier et accessible \u00e0 la fois, il compte non moins de 14 fonctions dans un format de poche. Parfaitement adapt\u00e9 \u00e0 la nature, il vous aidera \u00e0 l\u2019explorer avec dext\u00e9rit\u00e9. De retour \u00e0 la maison, vous lui trouverez aussi une utilit\u00e9. Ses ciseaux int\u00e9gr\u00e9s ainsi que son long et fin tournevis Phillips sont deux outils indispensables \u00e9galement en int\u00e9rieur.<\/p>\n","protected":false},"excerpt":{"rendered":"<p>Grand couteau de poche avec ciseaux .Original sans \u00eatre excentrique, notre couteau Outrider accompagne les plus intr\u00e9pides. Aventurier et accessible \u00e0 la fois, il compte non moins de 14 fonctions dans un format de poche. Parfaitement adapt\u00e9 \u00e0 la nature, il vous aidera \u00e0 l\u2019explorer avec dext\u00e9rit\u00e9. De retour \u00e0 la maison, vous lui trouverez aussi une utilit\u00e9. Ses ciseaux int\u00e9gr\u00e9s ainsi que son long et fin tournevis Phillips sont deux outils indispensables \u00e9galement en int\u00e9rieur. [&#8230;]<\/p>\n<p><a class=\"btn btn-secondary understrap-read-more-link\" href=\"https:\/\/promz.be\/fr\/product\/outrider\/\">Lire la suite&#8230;<\/a><\/p>\n","protected":false},"featured_media":21250,"comment_status":"closed","ping_status":"open","template":"","meta":[],"product_cat":[952,988,950,1039,985],"product_tag":[6134,4862,6765],"_links":{"self":[{"href":"https:\/\/promz.be\/fr\/wp-json\/wp\/v2\/product\/21441"}],"collection":[{"href":"https:\/\/promz.be\/fr\/wp-json\/wp\/v2\/product"}],"about":[{"href":"https:\/\/promz.be\/fr\/wp-json\/wp\/v2\/types\/product"}],"replies":[{"embeddable":true,"href":"https:\/\/promz.be\/fr\/wp-json\/wp\/v2\/comments?post=21441"}],"wp:featuredmedia":[{"embeddable":true,"href":"https:\/\/promz.be\/fr\/wp-json\/wp\/v2\/media\/21250"}],"wp:attachment":[{"href":"https:\/\/promz.be\/fr\/wp-json\/wp\/v2\/media?parent=21441"}],"wp:term":[{"taxonomy":"product_cat","embeddable":true,"href":"https:\/\/promz.be\/fr\/wp-json\/wp\/v2\/product_cat?post=21441"},{"taxonomy":"product_tag","embeddable":true,"href":"https:\/\/promz.be\/fr\/wp-json\/wp\/v2\/product_tag?post=21441"}],"curies":[{"name":"wp","href":"https:\/\/api.w.org\/{rel}","templated":true}]}}