{"id":21442,"date":"2018-09-12T00:00:00","date_gmt":"2018-09-11T22:00:00","guid":{"rendered":"https:\/\/promz.be\/product\/picknicker\/"},"modified":"2018-09-12T00:00:00","modified_gmt":"2018-09-11T22:00:00","slug":"picknicker","status":"publish","type":"product","link":"https:\/\/promz.be\/fr\/product\/picknicker\/","title":{"rendered":"Picknicker"},"content":{"rendered":"<p>Grand couteau de poche avec grande lame blocable.Les fonctions du couteau de poche Picknicker offrent un excellent compromis aux gens de la ville comme \u00e0 ceux de la campagne. Sa l\u00e9g\u00e8ret\u00e9 vous permet de l\u2019emporter partout avec vous. Tandis que gr\u00e2ce \u00e0 sa robustesse, vous pouvez compter sur lui en toutes circonstances. Sa lame blocable est aussi r\u00e9sistante que tranchante. Peu importe o\u00f9 vos aventures vous m\u00e8nent, gardez toujours votre Picknicker \u00e0 port\u00e9e de main.<\/p>\n","protected":false},"excerpt":{"rendered":"<p>Grand couteau de poche avec grande lame blocable.Les fonctions du couteau de poche Picknicker offrent un excellent compromis aux gens de la ville comme \u00e0 ceux de la campagne. Sa l\u00e9g\u00e8ret\u00e9 vous permet de l\u2019emporter partout avec vous. Tandis que gr\u00e2ce \u00e0 sa robustesse, vous pouvez compter sur lui en toutes circonstances. Sa lame blocable est aussi r\u00e9sistante que tranchante. Peu importe o\u00f9 vos aventures vous m\u00e8nent, gardez toujours votre Picknicker \u00e0 port\u00e9e de main. [&#8230;]<\/p>\n<p><a class=\"btn btn-secondary understrap-read-more-link\" href=\"https:\/\/promz.be\/fr\/product\/picknicker\/\">Lire la suite&#8230;<\/a><\/p>\n","protected":false},"featured_media":21252,"comment_status":"closed","ping_status":"open","template":"","meta":[],"product_cat":[1014,952,966,1039,954],"product_tag":[6134,4862,6765],"_links":{"self":[{"href":"https:\/\/promz.be\/fr\/wp-json\/wp\/v2\/product\/21442"}],"collection":[{"href":"https:\/\/promz.be\/fr\/wp-json\/wp\/v2\/product"}],"about":[{"href":"https:\/\/promz.be\/fr\/wp-json\/wp\/v2\/types\/product"}],"replies":[{"embeddable":true,"href":"https:\/\/promz.be\/fr\/wp-json\/wp\/v2\/comments?post=21442"}],"wp:featuredmedia":[{"embeddable":true,"href":"https:\/\/promz.be\/fr\/wp-json\/wp\/v2\/media\/21252"}],"wp:attachment":[{"href":"https:\/\/promz.be\/fr\/wp-json\/wp\/v2\/media?parent=21442"}],"wp:term":[{"taxonomy":"product_cat","embeddable":true,"href":"https:\/\/promz.be\/fr\/wp-json\/wp\/v2\/product_cat?post=21442"},{"taxonomy":"product_tag","embeddable":true,"href":"https:\/\/promz.be\/fr\/wp-json\/wp\/v2\/product_tag?post=21442"}],"curies":[{"name":"wp","href":"https:\/\/api.w.org\/{rel}","templated":true}]}}