{"id":21444,"date":"2018-09-12T00:00:00","date_gmt":"2018-09-11T22:00:00","guid":{"rendered":"https:\/\/promz.be\/product\/set-de-couteaux-doffice-swiss-classic-avec-eplucheur-3-pieces\/"},"modified":"2018-09-12T00:00:00","modified_gmt":"2018-09-11T22:00:00","slug":"set-de-couteaux-doffice-swiss-classic-avec-eplucheur-3-pieces","status":"publish","type":"product","link":"https:\/\/promz.be\/fr\/product\/set-de-couteaux-doffice-swiss-classic-avec-eplucheur-3-pieces\/","title":{"rendered":"Set de couteaux d\u2019office Swiss Classic avec \u00e9plucheur, 3\u00a0pi\u00e8ces"},"content":{"rendered":"<p>Set de couteaux avec \u00e9plucheur universel. Ce trio habile vous aidera \u00e0 tout pr\u00e9parer en cuisine. Avec deux couteaux d\u2019office et un \u00e9plucheur universel, ce set rend possible toutes les d\u00e9coupes. Les couteaux d\u2019office sont des indispensables multit\u00e2ches pour votre planche \u00e0 d\u00e9couper. Utilisez une lame au tranchant dent\u00e9 pour couper les peaux dures ou une lame lisse \u00e0 pointe milieu pour retirer les trognons et les p\u00e9pins.<\/p>\n","protected":false},"excerpt":{"rendered":"<p>Set de couteaux avec \u00e9plucheur universel. Ce trio habile vous aidera \u00e0 tout pr\u00e9parer en cuisine. Avec deux couteaux d\u2019office et un \u00e9plucheur universel, ce set rend possible toutes les d\u00e9coupes. Les couteaux d\u2019office sont des indispensables multit\u00e2ches pour votre planche \u00e0 d\u00e9couper. Utilisez une lame au tranchant dent\u00e9 pour couper les peaux dures ou une lame lisse \u00e0 pointe milieu pour retirer les trognons et les p\u00e9pins. [&#8230;]<\/p>\n<p><a class=\"btn btn-secondary understrap-read-more-link\" href=\"https:\/\/promz.be\/fr\/product\/set-de-couteaux-doffice-swiss-classic-avec-eplucheur-3-pieces\/\">Lire la suite&#8230;<\/a><\/p>\n","protected":false},"featured_media":21258,"comment_status":"closed","ping_status":"open","template":"","meta":[],"product_cat":[952,980,988,950,966,957],"product_tag":[6134,4862,6765],"_links":{"self":[{"href":"https:\/\/promz.be\/fr\/wp-json\/wp\/v2\/product\/21444"}],"collection":[{"href":"https:\/\/promz.be\/fr\/wp-json\/wp\/v2\/product"}],"about":[{"href":"https:\/\/promz.be\/fr\/wp-json\/wp\/v2\/types\/product"}],"replies":[{"embeddable":true,"href":"https:\/\/promz.be\/fr\/wp-json\/wp\/v2\/comments?post=21444"}],"wp:featuredmedia":[{"embeddable":true,"href":"https:\/\/promz.be\/fr\/wp-json\/wp\/v2\/media\/21258"}],"wp:attachment":[{"href":"https:\/\/promz.be\/fr\/wp-json\/wp\/v2\/media?parent=21444"}],"wp:term":[{"taxonomy":"product_cat","embeddable":true,"href":"https:\/\/promz.be\/fr\/wp-json\/wp\/v2\/product_cat?post=21444"},{"taxonomy":"product_tag","embeddable":true,"href":"https:\/\/promz.be\/fr\/wp-json\/wp\/v2\/product_tag?post=21444"}],"curies":[{"name":"wp","href":"https:\/\/api.w.org\/{rel}","templated":true}]}}