{"id":21445,"date":"2018-07-26T00:00:00","date_gmt":"2018-07-25T22:00:00","guid":{"rendered":"https:\/\/promz.be\/product\/spartan\/"},"modified":"2018-07-26T00:00:00","modified_gmt":"2018-07-25T22:00:00","slug":"spartan","status":"publish","type":"product","link":"https:\/\/promz.be\/fr\/product\/spartan\/","title":{"rendered":"Spartan"},"content":{"rendered":"<p>Couteau de poche de taille moyenne avec ouvre-bo\u00eetes.Lorsque vous entendez parler du couteau suisse, il y a fort \u00e0 parier que vous pensiez d\u2019abord \u00e0 notre l\u00e9gendaire couteau d\u2019officier original. Et la l\u00e9gende se poursuit avec le couteau de poche Spartan. C\u2019est le couteau de poche avec lequel tout a commenc\u00e9. Celui qui a d\u00e9j\u00e0 rendu service \u00e0 des milliers de personnes \u00e0 travers le monde au quotidien. Peu importe o\u00f9 vos aventures vous m\u00e8nent, le Spartan sera chaque jour \u00e0 vos c\u00f4t\u00e9s.<\/p>\n","protected":false},"excerpt":{"rendered":"<p>Couteau de poche de taille moyenne avec ouvre-bo\u00eetes.Lorsque vous entendez parler du couteau suisse, il y a fort \u00e0 parier que vous pensiez d\u2019abord \u00e0 notre l\u00e9gendaire couteau d\u2019officier original. Et la l\u00e9gende se poursuit avec le couteau de poche Spartan. C\u2019est le couteau de poche avec lequel tout a commenc\u00e9. Celui qui a d\u00e9j\u00e0 rendu service \u00e0 des milliers de personnes \u00e0 travers le monde au quotidien. Peu importe o\u00f9 vos aventures vous m\u00e8nent, le Spartan sera chaque jour \u00e0 vos c\u00f4t\u00e9s. [&#8230;]<\/p>\n<p><a class=\"btn btn-secondary understrap-read-more-link\" href=\"https:\/\/promz.be\/fr\/product\/spartan\/\">Lire la suite&#8230;<\/a><\/p>\n","protected":false},"featured_media":21260,"comment_status":"closed","ping_status":"open","template":"","meta":[],"product_cat":[952,980,948,1039,957,1020],"product_tag":[6134,4862,6765],"_links":{"self":[{"href":"https:\/\/promz.be\/fr\/wp-json\/wp\/v2\/product\/21445"}],"collection":[{"href":"https:\/\/promz.be\/fr\/wp-json\/wp\/v2\/product"}],"about":[{"href":"https:\/\/promz.be\/fr\/wp-json\/wp\/v2\/types\/product"}],"replies":[{"embeddable":true,"href":"https:\/\/promz.be\/fr\/wp-json\/wp\/v2\/comments?post=21445"}],"wp:featuredmedia":[{"embeddable":true,"href":"https:\/\/promz.be\/fr\/wp-json\/wp\/v2\/media\/21260"}],"wp:attachment":[{"href":"https:\/\/promz.be\/fr\/wp-json\/wp\/v2\/media?parent=21445"}],"wp:term":[{"taxonomy":"product_cat","embeddable":true,"href":"https:\/\/promz.be\/fr\/wp-json\/wp\/v2\/product_cat?post=21445"},{"taxonomy":"product_tag","embeddable":true,"href":"https:\/\/promz.be\/fr\/wp-json\/wp\/v2\/product_tag?post=21445"}],"curies":[{"name":"wp","href":"https:\/\/api.w.org\/{rel}","templated":true}]}}