{"id":21446,"date":"2018-07-11T00:00:00","date_gmt":"2018-07-10T22:00:00","guid":{"rendered":"https:\/\/promz.be\/product\/spartan-wood\/"},"modified":"2018-07-11T00:00:00","modified_gmt":"2018-07-10T22:00:00","slug":"spartan-wood","status":"publish","type":"product","link":"https:\/\/promz.be\/fr\/product\/spartan-wood\/","title":{"rendered":"Spartan Wood"},"content":{"rendered":"<p>Couteau de poche de taille moyenne avec c\u00f4tes en noyer.Aussi fonctionnel qu\u2019\u00e9l\u00e9gant, le couteau suisse Spartan Wood dissimule pas moins de 10 outils essentiels sous des c\u00f4tes tr\u00e8s fines en bois de noyer r\u00e9sistant et noble. C\u2019est ce m\u00eame bois aux veinures naturelles qui donne \u00e0 chacun des couteaux son caract\u00e8re unique et artisanal et un toucher incomparable. Mais n\u2019allez pas croire pour autant qu\u2019il s\u2019agit d\u2019un couteau d\u00e9licat \u00e0 manier avec pr\u00e9caution. Ce compagnon noble et l\u00e9ger est pens\u00e9 pour le quotidien et pour chaque aventure susceptible de se pr\u00e9senter, que vous l\u2019ayez dans la poche ou dans votre bo\u00eete \u00e0 outils.<\/p>\n","protected":false},"excerpt":{"rendered":"<p>Couteau de poche de taille moyenne avec c\u00f4tes en noyer.Aussi fonctionnel qu\u2019\u00e9l\u00e9gant, le couteau suisse Spartan Wood dissimule pas moins de 10 outils essentiels sous des c\u00f4tes tr\u00e8s fines en bois de noyer r\u00e9sistant et noble. C\u2019est ce m\u00eame bois aux veinures naturelles qui donne \u00e0 chacun des couteaux son caract\u00e8re unique et artisanal et un toucher incomparable. Mais n\u2019allez pas croire pour autant qu\u2019il s\u2019agit d\u2019un couteau d\u00e9licat \u00e0 manier avec pr\u00e9caution. Ce compagnon noble et l\u00e9ger est pens\u00e9 pour le quotidien et pour chaque aventure susceptible de se pr\u00e9senter, que vous l\u2019ayez dans la poche ou dans votre bo\u00eete \u00e0 outils. [&#8230;]<\/p>\n<p><a class=\"btn btn-secondary understrap-read-more-link\" href=\"https:\/\/promz.be\/fr\/product\/spartan-wood\/\">Lire la suite&#8230;<\/a><\/p>\n","protected":false},"featured_media":21264,"comment_status":"closed","ping_status":"open","template":"","meta":[],"product_cat":[1014,952,980,1039,957,954],"product_tag":[6134,4862,6765],"_links":{"self":[{"href":"https:\/\/promz.be\/fr\/wp-json\/wp\/v2\/product\/21446"}],"collection":[{"href":"https:\/\/promz.be\/fr\/wp-json\/wp\/v2\/product"}],"about":[{"href":"https:\/\/promz.be\/fr\/wp-json\/wp\/v2\/types\/product"}],"replies":[{"embeddable":true,"href":"https:\/\/promz.be\/fr\/wp-json\/wp\/v2\/comments?post=21446"}],"wp:featuredmedia":[{"embeddable":true,"href":"https:\/\/promz.be\/fr\/wp-json\/wp\/v2\/media\/21264"}],"wp:attachment":[{"href":"https:\/\/promz.be\/fr\/wp-json\/wp\/v2\/media?parent=21446"}],"wp:term":[{"taxonomy":"product_cat","embeddable":true,"href":"https:\/\/promz.be\/fr\/wp-json\/wp\/v2\/product_cat?post=21446"},{"taxonomy":"product_tag","embeddable":true,"href":"https:\/\/promz.be\/fr\/wp-json\/wp\/v2\/product_tag?post=21446"}],"curies":[{"name":"wp","href":"https:\/\/api.w.org\/{rel}","templated":true}]}}