{"id":21447,"date":"2018-07-19T00:00:00","date_gmt":"2018-07-18T22:00:00","guid":{"rendered":"https:\/\/promz.be\/product\/spectra-dual-access-global-carry-on\/"},"modified":"2018-07-19T00:00:00","modified_gmt":"2018-07-18T22:00:00","slug":"spectra-dual-access-global-carry-on","status":"publish","type":"product","link":"https:\/\/promz.be\/fr\/product\/spectra-dual-access-global-carry-on\/","title":{"rendered":"Spectra dual-access global carry on"},"content":{"rendered":"<p>Bagage rigide vertical \u00e0 roulettes avec double acc\u00e8s.Que vous passiez d\u2019une ville \u00e0 l\u2019autre ou que vous traversiez les oc\u00e9ans, le bagage cabine Spectra Dual-Access Carry-On est le compagnon de voyage ultime. Sa taille est compatible avec la plupart des r\u00e8glementations en mati\u00e8re de bagage cabine. Gr\u00e2ce \u00e0 sa confection 100 % polycarbonate ultra-r\u00e9sistant, il est extr\u00eamement robuste tout en restant ultral\u00e9ger.Et avec son ouverture \u00e0 acc\u00e8s rapide, vous trouverez facilement ce dont vous avez besoin, sans avoir \u00e0 tout ouvrir.<\/p>\n","protected":false},"excerpt":{"rendered":"<p>Bagage rigide vertical \u00e0 roulettes avec double acc\u00e8s.Que vous passiez d\u2019une ville \u00e0 l\u2019autre ou que vous traversiez les oc\u00e9ans, le bagage cabine Spectra Dual-Access Carry-On est le compagnon de voyage ultime. Sa taille est compatible avec la plupart des r\u00e8glementations en mati\u00e8re de bagage cabine. Gr\u00e2ce \u00e0 sa confection 100 % polycarbonate ultra-r\u00e9sistant, il est extr\u00eamement robuste tout en restant ultral\u00e9ger.Et avec son ouverture \u00e0 acc\u00e8s rapide, vous trouverez facilement ce dont vous avez besoin, sans avoir \u00e0 tout ouvrir. [&#8230;]<\/p>\n<p><a class=\"btn btn-secondary understrap-read-more-link\" href=\"https:\/\/promz.be\/fr\/product\/spectra-dual-access-global-carry-on\/\">Lire la suite&#8230;<\/a><\/p>\n","protected":false},"featured_media":21266,"comment_status":"closed","ping_status":"open","template":"","meta":[],"product_cat":[1014,994,954],"product_tag":[6770,4862,3167],"_links":{"self":[{"href":"https:\/\/promz.be\/fr\/wp-json\/wp\/v2\/product\/21447"}],"collection":[{"href":"https:\/\/promz.be\/fr\/wp-json\/wp\/v2\/product"}],"about":[{"href":"https:\/\/promz.be\/fr\/wp-json\/wp\/v2\/types\/product"}],"replies":[{"embeddable":true,"href":"https:\/\/promz.be\/fr\/wp-json\/wp\/v2\/comments?post=21447"}],"wp:featuredmedia":[{"embeddable":true,"href":"https:\/\/promz.be\/fr\/wp-json\/wp\/v2\/media\/21266"}],"wp:attachment":[{"href":"https:\/\/promz.be\/fr\/wp-json\/wp\/v2\/media?parent=21447"}],"wp:term":[{"taxonomy":"product_cat","embeddable":true,"href":"https:\/\/promz.be\/fr\/wp-json\/wp\/v2\/product_cat?post=21447"},{"taxonomy":"product_tag","embeddable":true,"href":"https:\/\/promz.be\/fr\/wp-json\/wp\/v2\/product_tag?post=21447"}],"curies":[{"name":"wp","href":"https:\/\/api.w.org\/{rel}","templated":true}]}}