{"id":21448,"date":"2018-11-14T00:00:00","date_gmt":"2018-11-13T23:00:00","guid":{"rendered":"https:\/\/promz.be\/product\/swiss-card-classic\/"},"modified":"2018-11-14T00:00:00","modified_gmt":"2018-11-13T23:00:00","slug":"swiss-card-classic","status":"publish","type":"product","link":"https:\/\/promz.be\/fr\/product\/swiss-card-classic\/","title":{"rendered":"Swiss card Classic"},"content":{"rendered":"<p>SwissCard \u00e0 10 fonctions. Vous serez surpris de voir combien d\u2019outils nous avons cach\u00e9s dans le SwissCard. Vous serez tout aussi surpris de constater \u00e0 quel point ils vous seront utiles. Avec son design intelligent, prim\u00e9 lors de nombreux concours, et son incroyable fonctionnalit\u00e9, vous ne pourrez plus vous en passer. Vous allez faire des jaloux !<\/p>\n","protected":false},"excerpt":{"rendered":"<p>SwissCard \u00e0 10 fonctions. Vous serez surpris de voir combien d\u2019outils nous avons cach\u00e9s dans le SwissCard. Vous serez tout aussi surpris de constater \u00e0 quel point ils vous seront utiles. Avec son design intelligent, prim\u00e9 lors de nombreux concours, et son incroyable fonctionnalit\u00e9, vous ne pourrez plus vous en passer. Vous allez faire des jaloux ! [&#8230;]<\/p>\n<p><a class=\"btn btn-secondary understrap-read-more-link\" href=\"https:\/\/promz.be\/fr\/product\/swiss-card-classic\/\">Lire la suite&#8230;<\/a><\/p>\n","protected":false},"featured_media":21270,"comment_status":"closed","ping_status":"open","template":"","meta":[],"product_cat":[1014,952,951,1039,954,1010],"product_tag":[6134,4862,6765],"_links":{"self":[{"href":"https:\/\/promz.be\/fr\/wp-json\/wp\/v2\/product\/21448"}],"collection":[{"href":"https:\/\/promz.be\/fr\/wp-json\/wp\/v2\/product"}],"about":[{"href":"https:\/\/promz.be\/fr\/wp-json\/wp\/v2\/types\/product"}],"replies":[{"embeddable":true,"href":"https:\/\/promz.be\/fr\/wp-json\/wp\/v2\/comments?post=21448"}],"wp:featuredmedia":[{"embeddable":true,"href":"https:\/\/promz.be\/fr\/wp-json\/wp\/v2\/media\/21270"}],"wp:attachment":[{"href":"https:\/\/promz.be\/fr\/wp-json\/wp\/v2\/media?parent=21448"}],"wp:term":[{"taxonomy":"product_cat","embeddable":true,"href":"https:\/\/promz.be\/fr\/wp-json\/wp\/v2\/product_cat?post=21448"},{"taxonomy":"product_tag","embeddable":true,"href":"https:\/\/promz.be\/fr\/wp-json\/wp\/v2\/product_tag?post=21448"}],"curies":[{"name":"wp","href":"https:\/\/api.w.org\/{rel}","templated":true}]}}