{"id":21449,"date":"2018-11-12T00:00:00","date_gmt":"2018-11-11T23:00:00","guid":{"rendered":"https:\/\/promz.be\/product\/swisscard-nailcare\/"},"modified":"2018-11-12T00:00:00","modified_gmt":"2018-11-11T23:00:00","slug":"swisscard-nailcare","status":"publish","type":"product","link":"https:\/\/promz.be\/fr\/product\/swisscard-nailcare\/","title":{"rendered":"SwissCard Nailcare"},"content":{"rendered":"<p>SwissCard avec lime \u00e0 ongles en verre. Vous serez surpris de voir combien d\u2019outils nous avons cach\u00e9s dans la SwissCard. Vous serez tout aussi surpris de constater \u00e0 quel point ils vous seront utiles. Avec son design intelligent, prim\u00e9 \u00e0 de nombreuses reprises, et son incroyable fonctionnalit\u00e9, vous ne pourrez plus vous en passer. D\u00e9sormais \u00e9quip\u00e9e d\u2019une lime \u00e0 ongles en verre, la SwissCard vous aide \u00e0 rester toujours impeccable, m\u00eame en d\u00e9placement.<\/p>\n","protected":false},"excerpt":{"rendered":"<p>SwissCard avec lime \u00e0 ongles en verre. Vous serez surpris de voir combien d\u2019outils nous avons cach\u00e9s dans la SwissCard. Vous serez tout aussi surpris de constater \u00e0 quel point ils vous seront utiles. Avec son design intelligent, prim\u00e9 \u00e0 de nombreuses reprises, et son incroyable fonctionnalit\u00e9, vous ne pourrez plus vous en passer. D\u00e9sormais \u00e9quip\u00e9e d\u2019une lime \u00e0 ongles en verre, la SwissCard vous aide \u00e0 rester toujours impeccable, m\u00eame en d\u00e9placement. [&#8230;]<\/p>\n<p><a class=\"btn btn-secondary understrap-read-more-link\" href=\"https:\/\/promz.be\/fr\/product\/swisscard-nailcare\/\">Lire la suite&#8230;<\/a><\/p>\n","protected":false},"featured_media":21274,"comment_status":"closed","ping_status":"open","template":"","meta":[],"product_cat":[1014,952,1035,1039,954,949],"product_tag":[6134,4862,6765],"_links":{"self":[{"href":"https:\/\/promz.be\/fr\/wp-json\/wp\/v2\/product\/21449"}],"collection":[{"href":"https:\/\/promz.be\/fr\/wp-json\/wp\/v2\/product"}],"about":[{"href":"https:\/\/promz.be\/fr\/wp-json\/wp\/v2\/types\/product"}],"replies":[{"embeddable":true,"href":"https:\/\/promz.be\/fr\/wp-json\/wp\/v2\/comments?post=21449"}],"wp:featuredmedia":[{"embeddable":true,"href":"https:\/\/promz.be\/fr\/wp-json\/wp\/v2\/media\/21274"}],"wp:attachment":[{"href":"https:\/\/promz.be\/fr\/wp-json\/wp\/v2\/media?parent=21449"}],"wp:term":[{"taxonomy":"product_cat","embeddable":true,"href":"https:\/\/promz.be\/fr\/wp-json\/wp\/v2\/product_cat?post=21449"},{"taxonomy":"product_tag","embeddable":true,"href":"https:\/\/promz.be\/fr\/wp-json\/wp\/v2\/product_tag?post=21449"}],"curies":[{"name":"wp","href":"https:\/\/api.w.org\/{rel}","templated":true}]}}