{"id":21453,"date":"2018-06-19T00:00:00","date_gmt":"2018-06-18T22:00:00","guid":{"rendered":"https:\/\/promz.be\/product\/traveller\/"},"modified":"2018-06-19T00:00:00","modified_gmt":"2018-06-18T22:00:00","slug":"traveller","status":"publish","type":"product","link":"https:\/\/promz.be\/fr\/product\/traveller\/","title":{"rendered":"Traveller"},"content":{"rendered":"<p>Couteau de poche de taille moyenne avec 28 fonctions. Que vous partiez \u00e0 la conqu\u00eate du plus haut sommet ou que vous profitiez simplement d\u2019un weekend de camping au bord d\u2019un lac en toute d\u00e9tente, le Traveller est le couteau de poche dont vous avez besoin. En gros, il a tout pour plaire. Avec ses 28 fonctions, dont un altim\u00e8tre, une minuterie et un compte \u00e0 rebours, le Traveller vous aidera \u00e0 affronter la journ\u00e9e du r\u00e9veil jusqu\u2019au coucher de soleil sur les montagnes.<\/p>\n","protected":false},"excerpt":{"rendered":"<p>Couteau de poche de taille moyenne avec 28 fonctions. Que vous partiez \u00e0 la conqu\u00eate du plus haut sommet ou que vous profitiez simplement d\u2019un weekend de camping au bord d\u2019un lac en toute d\u00e9tente, le Traveller est le couteau de poche dont vous avez besoin. En gros, il a tout pour plaire. Avec ses 28 fonctions, dont un altim\u00e8tre, une minuterie et un compte \u00e0 rebours, le Traveller vous aidera \u00e0 affronter la journ\u00e9e du r\u00e9veil jusqu\u2019au coucher de soleil sur les montagnes. [&#8230;]<\/p>\n<p><a class=\"btn btn-secondary understrap-read-more-link\" href=\"https:\/\/promz.be\/fr\/product\/traveller\/\">Lire la suite&#8230;<\/a><\/p>\n","protected":false},"featured_media":21284,"comment_status":"closed","ping_status":"open","template":"","meta":[],"product_cat":[1014,952,1037,1039,957,954],"product_tag":[6134,4862,6765],"_links":{"self":[{"href":"https:\/\/promz.be\/fr\/wp-json\/wp\/v2\/product\/21453"}],"collection":[{"href":"https:\/\/promz.be\/fr\/wp-json\/wp\/v2\/product"}],"about":[{"href":"https:\/\/promz.be\/fr\/wp-json\/wp\/v2\/types\/product"}],"replies":[{"embeddable":true,"href":"https:\/\/promz.be\/fr\/wp-json\/wp\/v2\/comments?post=21453"}],"wp:featuredmedia":[{"embeddable":true,"href":"https:\/\/promz.be\/fr\/wp-json\/wp\/v2\/media\/21284"}],"wp:attachment":[{"href":"https:\/\/promz.be\/fr\/wp-json\/wp\/v2\/media?parent=21453"}],"wp:term":[{"taxonomy":"product_cat","embeddable":true,"href":"https:\/\/promz.be\/fr\/wp-json\/wp\/v2\/product_cat?post=21453"},{"taxonomy":"product_tag","embeddable":true,"href":"https:\/\/promz.be\/fr\/wp-json\/wp\/v2\/product_tag?post=21453"}],"curies":[{"name":"wp","href":"https:\/\/api.w.org\/{rel}","templated":true}]}}