{"id":21454,"date":"2018-07-02T00:00:00","date_gmt":"2018-07-01T22:00:00","guid":{"rendered":"https:\/\/promz.be\/product\/victoria-affinity-crossbody-day-bag\/"},"modified":"2018-07-02T00:00:00","modified_gmt":"2018-07-01T22:00:00","slug":"victoria-affinity-crossbody-day-bag","status":"publish","type":"product","link":"https:\/\/promz.be\/fr\/product\/victoria-affinity-crossbody-day-bag\/","title":{"rendered":"Victoria, Affinity Crossbody Day Bag"},"content":{"rendered":"<p>gardez vos objets importants \u00e0 port\u00e9e de main au cours de vos aventures avec ce sac de promenade en bandouli\u00e8re<\/p>\n","protected":false},"excerpt":{"rendered":"<p>gardez vos objets importants \u00e0 port\u00e9e de main au cours de vos aventures avec ce sac de promenade en bandouli\u00e8re [&#8230;]<\/p>\n<p><a class=\"btn btn-secondary understrap-read-more-link\" href=\"https:\/\/promz.be\/fr\/product\/victoria-affinity-crossbody-day-bag\/\">Lire la suite&#8230;<\/a><\/p>\n","protected":false},"featured_media":21286,"comment_status":"closed","ping_status":"open","template":"","meta":[],"product_cat":[1014,994,978,954],"product_tag":[6770,4862,3280],"_links":{"self":[{"href":"https:\/\/promz.be\/fr\/wp-json\/wp\/v2\/product\/21454"}],"collection":[{"href":"https:\/\/promz.be\/fr\/wp-json\/wp\/v2\/product"}],"about":[{"href":"https:\/\/promz.be\/fr\/wp-json\/wp\/v2\/types\/product"}],"replies":[{"embeddable":true,"href":"https:\/\/promz.be\/fr\/wp-json\/wp\/v2\/comments?post=21454"}],"wp:featuredmedia":[{"embeddable":true,"href":"https:\/\/promz.be\/fr\/wp-json\/wp\/v2\/media\/21286"}],"wp:attachment":[{"href":"https:\/\/promz.be\/fr\/wp-json\/wp\/v2\/media?parent=21454"}],"wp:term":[{"taxonomy":"product_cat","embeddable":true,"href":"https:\/\/promz.be\/fr\/wp-json\/wp\/v2\/product_cat?post=21454"},{"taxonomy":"product_tag","embeddable":true,"href":"https:\/\/promz.be\/fr\/wp-json\/wp\/v2\/product_tag?post=21454"}],"curies":[{"name":"wp","href":"https:\/\/api.w.org\/{rel}","templated":true}]}}