{"id":21455,"date":"2018-06-06T00:00:00","date_gmt":"2018-06-05T22:00:00","guid":{"rendered":"https:\/\/promz.be\/product\/victoria-harmony\/"},"modified":"2018-06-06T00:00:00","modified_gmt":"2018-06-05T22:00:00","slug":"victoria-harmony","status":"publish","type":"product","link":"https:\/\/promz.be\/fr\/product\/victoria-harmony\/","title":{"rendered":"Victoria, Harmony"},"content":{"rendered":"<p>Offrant la fonctionnalit\u00e9 d&#8217;un sac \u00e0 dos et d&#8217;un sac \u00e0 bandouli\u00e8re, Harmony est le compagnon id\u00e9al de toutes les aventures.<\/p>\n","protected":false},"excerpt":{"rendered":"<p>Offrant la fonctionnalit\u00e9 d&#8217;un sac \u00e0 dos et d&#8217;un sac \u00e0 bandouli\u00e8re, Harmony est le compagnon id\u00e9al de toutes les aventures. [&#8230;]<\/p>\n<p><a class=\"btn btn-secondary understrap-read-more-link\" href=\"https:\/\/promz.be\/fr\/product\/victoria-harmony\/\">Lire la suite&#8230;<\/a><\/p>\n","protected":false},"featured_media":21288,"comment_status":"closed","ping_status":"open","template":"","meta":[],"product_cat":[1014,994,978,954],"product_tag":[6770,4862,3280],"_links":{"self":[{"href":"https:\/\/promz.be\/fr\/wp-json\/wp\/v2\/product\/21455"}],"collection":[{"href":"https:\/\/promz.be\/fr\/wp-json\/wp\/v2\/product"}],"about":[{"href":"https:\/\/promz.be\/fr\/wp-json\/wp\/v2\/types\/product"}],"replies":[{"embeddable":true,"href":"https:\/\/promz.be\/fr\/wp-json\/wp\/v2\/comments?post=21455"}],"wp:featuredmedia":[{"embeddable":true,"href":"https:\/\/promz.be\/fr\/wp-json\/wp\/v2\/media\/21288"}],"wp:attachment":[{"href":"https:\/\/promz.be\/fr\/wp-json\/wp\/v2\/media?parent=21455"}],"wp:term":[{"taxonomy":"product_cat","embeddable":true,"href":"https:\/\/promz.be\/fr\/wp-json\/wp\/v2\/product_cat?post=21455"},{"taxonomy":"product_tag","embeddable":true,"href":"https:\/\/promz.be\/fr\/wp-json\/wp\/v2\/product_tag?post=21455"}],"curies":[{"name":"wp","href":"https:\/\/api.w.org\/{rel}","templated":true}]}}