{"id":21456,"date":"2018-09-14T00:00:00","date_gmt":"2018-09-13T22:00:00","guid":{"rendered":"https:\/\/promz.be\/product\/victorinox-sport-cadet-laptop-backpack\/"},"modified":"2018-09-14T00:00:00","modified_gmt":"2018-09-13T22:00:00","slug":"victorinox-sport-cadet-laptop-backpack","status":"publish","type":"product","link":"https:\/\/promz.be\/fr\/product\/victorinox-sport-cadet-laptop-backpack\/","title":{"rendered":"Victorinox Sport Cadet Laptop Backpack"},"content":{"rendered":"<p>Sac \u00e0 dos fin pour ordinateur portable avec poche pour tablette.Le Cadet est un sac \u00e0 dos aussi indispensable au quotidien que dans vos aventures. Son design fusel\u00e9 le rend l\u00e9ger et discret, ce qui ne l\u2019emp\u00eache pas d\u2019offrir un maximum d\u2019espace de rangement et d\u2019organisation. Une fois votre ordinateur portable \u00e0 l\u2019int\u00e9rieur, ainsi que tout le reste, il dispara\u00eet sur votre \u00e9paule. Pr\u00eat ? Partez ! Et surtout, \u00e9coutez votre intuition !<\/p>\n","protected":false},"excerpt":{"rendered":"<p>Sac \u00e0 dos fin pour ordinateur portable avec poche pour tablette.Le Cadet est un sac \u00e0 dos aussi indispensable au quotidien que dans vos aventures. Son design fusel\u00e9 le rend l\u00e9ger et discret, ce qui ne l\u2019emp\u00eache pas d\u2019offrir un maximum d\u2019espace de rangement et d\u2019organisation. Une fois votre ordinateur portable \u00e0 l\u2019int\u00e9rieur, ainsi que tout le reste, il dispara\u00eet sur votre \u00e9paule. Pr\u00eat ? Partez ! Et surtout, \u00e9coutez votre intuition ! [&#8230;]<\/p>\n<p><a class=\"btn btn-secondary understrap-read-more-link\" href=\"https:\/\/promz.be\/fr\/product\/victorinox-sport-cadet-laptop-backpack\/\">Lire la suite&#8230;<\/a><\/p>\n","protected":false},"featured_media":21290,"comment_status":"closed","ping_status":"open","template":"","meta":[],"product_cat":[1014,994,978,954],"product_tag":[6770,4862,3167],"_links":{"self":[{"href":"https:\/\/promz.be\/fr\/wp-json\/wp\/v2\/product\/21456"}],"collection":[{"href":"https:\/\/promz.be\/fr\/wp-json\/wp\/v2\/product"}],"about":[{"href":"https:\/\/promz.be\/fr\/wp-json\/wp\/v2\/types\/product"}],"replies":[{"embeddable":true,"href":"https:\/\/promz.be\/fr\/wp-json\/wp\/v2\/comments?post=21456"}],"wp:featuredmedia":[{"embeddable":true,"href":"https:\/\/promz.be\/fr\/wp-json\/wp\/v2\/media\/21290"}],"wp:attachment":[{"href":"https:\/\/promz.be\/fr\/wp-json\/wp\/v2\/media?parent=21456"}],"wp:term":[{"taxonomy":"product_cat","embeddable":true,"href":"https:\/\/promz.be\/fr\/wp-json\/wp\/v2\/product_cat?post=21456"},{"taxonomy":"product_tag","embeddable":true,"href":"https:\/\/promz.be\/fr\/wp-json\/wp\/v2\/product_tag?post=21456"}],"curies":[{"name":"wp","href":"https:\/\/api.w.org\/{rel}","templated":true}]}}