{"id":21459,"date":"2018-08-03T00:00:00","date_gmt":"2018-08-02T22:00:00","guid":{"rendered":"https:\/\/promz.be\/product\/wine-master\/"},"modified":"2018-08-03T00:00:00","modified_gmt":"2018-08-02T22:00:00","slug":"wine-master","status":"publish","type":"product","link":"https:\/\/promz.be\/fr\/product\/wine-master\/","title":{"rendered":"Wine Master"},"content":{"rendered":"<p>Couteau de poche pour les amateurs de vin.Les grands vins m\u00e9ritent un outil cr\u00e9\u00e9 dans un esprit de perfection. D\u00e9couvrez notre Wine Master : le compagnon qui saura gagner la confiance des sommeliers et des amateurs de vin. Ses capacit\u00e9s viticoles sont du plus haut niveau et rendent \u00e0 vos grands vins les honneurs qu\u2019ils m\u00e9ritent. Un tire-bouchon extra-long avec cinq spires \u00e9vite que le bouchon ne casse, tandis qu\u2019un outil multi-usages abrite un double levier et un d\u00e9capsuleur. Le couteau de poche int\u00e8gre un coupe-capsules avec une lame dent\u00e9e en forme de bec d\u2019oiseau et une grande lame blocable, parfaite pour d\u00e9couper du fromage ou vos petits plats pr\u00e9f\u00e9r\u00e9s. Un outil \u00e9l\u00e9gant et con\u00e7u sur mesure pour les amateurs de vin.<\/p>\n","protected":false},"excerpt":{"rendered":"<p>Couteau de poche pour les amateurs de vin.Les grands vins m\u00e9ritent un outil cr\u00e9\u00e9 dans un esprit de perfection. D\u00e9couvrez notre Wine Master : le compagnon qui saura gagner la confiance des sommeliers et des amateurs de vin. Ses capacit\u00e9s viticoles sont du plus haut niveau et rendent \u00e0 vos grands vins les honneurs qu\u2019ils m\u00e9ritent. Un tire-bouchon extra-long avec cinq spires \u00e9vite que le bouchon ne casse, tandis qu\u2019un outil multi-usages abrite un double levier et un d\u00e9capsuleur. Le couteau de poche int\u00e8gre un coupe-capsules avec une lame dent\u00e9e en forme de bec d\u2019oiseau et une grande lame blocable, parfaite pour d\u00e9couper du fromage ou vos petits plats pr\u00e9f\u00e9r\u00e9s. Un outil \u00e9l\u00e9gant et con\u00e7u sur mesure pour les amateurs de vin. [&#8230;]<\/p>\n<p><a class=\"btn btn-secondary understrap-read-more-link\" href=\"https:\/\/promz.be\/fr\/product\/wine-master\/\">Lire la suite&#8230;<\/a><\/p>\n","protected":false},"featured_media":21304,"comment_status":"closed","ping_status":"open","template":"","meta":[],"product_cat":[952,947,988,950,1039,1036],"product_tag":[6134,4862,6765],"_links":{"self":[{"href":"https:\/\/promz.be\/fr\/wp-json\/wp\/v2\/product\/21459"}],"collection":[{"href":"https:\/\/promz.be\/fr\/wp-json\/wp\/v2\/product"}],"about":[{"href":"https:\/\/promz.be\/fr\/wp-json\/wp\/v2\/types\/product"}],"replies":[{"embeddable":true,"href":"https:\/\/promz.be\/fr\/wp-json\/wp\/v2\/comments?post=21459"}],"wp:featuredmedia":[{"embeddable":true,"href":"https:\/\/promz.be\/fr\/wp-json\/wp\/v2\/media\/21304"}],"wp:attachment":[{"href":"https:\/\/promz.be\/fr\/wp-json\/wp\/v2\/media?parent=21459"}],"wp:term":[{"taxonomy":"product_cat","embeddable":true,"href":"https:\/\/promz.be\/fr\/wp-json\/wp\/v2\/product_cat?post=21459"},{"taxonomy":"product_tag","embeddable":true,"href":"https:\/\/promz.be\/fr\/wp-json\/wp\/v2\/product_tag?post=21459"}],"curies":[{"name":"wp","href":"https:\/\/api.w.org\/{rel}","templated":true}]}}