{"id":21682,"date":"2018-11-09T00:00:00","date_gmt":"2018-11-08T23:00:00","guid":{"rendered":"https:\/\/promz.be\/product\/ecouteurs-intra-auriculaires-avec-connexion-bluetooth\/"},"modified":"2018-11-09T00:00:00","modified_gmt":"2018-11-08T23:00:00","slug":"ecouteurs-intra-auriculaires-avec-connexion-bluetooth","status":"publish","type":"product","link":"https:\/\/promz.be\/fr\/product\/ecouteurs-intra-auriculaires-avec-connexion-bluetooth\/","title":{"rendered":"\u00c9couteurs intra-auriculaires avec connexion Bluetooth"},"content":{"rendered":"<p>\u00c9couteurs intra-auriculaires avec connexion Bluetooth. Lisse au toucher et construction ergonomique, avec couplage magn\u00e9tique \u00e0 la base de charge et avec commandes int\u00e9gr\u00e9es sur les c\u00f4t\u00e9s. Base de recharge avec couvercle transparent et rechargeable par c\u00e2ble USB &#8211; inclus -. Avec la fonction mains libres et pour tous les types d\u2019oreilles, incluez 3 jeux de coussinets dans les tailles S, M et L. Pr\u00e9sent\u00e9s dans une jolie bo\u00eete individuelle.<\/p>\n<p>Connexion Bluetooth. Rechargeable USB. C\u00e2ble Inclus.<\/p>\n","protected":false},"excerpt":{"rendered":"<p>\u00c9couteurs intra-auriculaires avec connexion Bluetooth. Lisse au toucher et construction ergonomique, avec couplage magn\u00e9tique \u00e0 la base de charge et avec commandes int\u00e9gr\u00e9es sur les c\u00f4t\u00e9s. Base de recharge avec couvercle transparent et rechargeable par c\u00e2ble USB &#8211; inclus -. Avec la fonction mains libres et pour tous les types d\u2019oreilles, incluez 3 jeux de coussinets dans les tailles S, M et L. Pr\u00e9sent\u00e9s dans une jolie bo\u00eete individuelle.<\/p>\n<p>Connexion Bluetooth. Rechargeable USB. C\u00e2ble Inclus. [&#8230;]<\/p>\n<p><a class=\"btn btn-secondary understrap-read-more-link\" href=\"https:\/\/promz.be\/fr\/product\/ecouteurs-intra-auriculaires-avec-connexion-bluetooth\/\">Lire la suite&#8230;<\/a><\/p>\n","protected":false},"featured_media":21615,"comment_status":"closed","ping_status":"open","template":"","meta":[],"product_cat":[1026,1006,1021,956],"product_tag":[6726,6728,6727,4179],"_links":{"self":[{"href":"https:\/\/promz.be\/fr\/wp-json\/wp\/v2\/product\/21682"}],"collection":[{"href":"https:\/\/promz.be\/fr\/wp-json\/wp\/v2\/product"}],"about":[{"href":"https:\/\/promz.be\/fr\/wp-json\/wp\/v2\/types\/product"}],"replies":[{"embeddable":true,"href":"https:\/\/promz.be\/fr\/wp-json\/wp\/v2\/comments?post=21682"}],"wp:featuredmedia":[{"embeddable":true,"href":"https:\/\/promz.be\/fr\/wp-json\/wp\/v2\/media\/21615"}],"wp:attachment":[{"href":"https:\/\/promz.be\/fr\/wp-json\/wp\/v2\/media?parent=21682"}],"wp:term":[{"taxonomy":"product_cat","embeddable":true,"href":"https:\/\/promz.be\/fr\/wp-json\/wp\/v2\/product_cat?post=21682"},{"taxonomy":"product_tag","embeddable":true,"href":"https:\/\/promz.be\/fr\/wp-json\/wp\/v2\/product_tag?post=21682"}],"curies":[{"name":"wp","href":"https:\/\/api.w.org\/{rel}","templated":true}]}}