{"id":21683,"date":"2018-10-09T00:00:00","date_gmt":"2018-10-08T22:00:00","guid":{"rendered":"https:\/\/promz.be\/product\/porte-cartes-avec-technologie-de-securite-rfid\/"},"modified":"2018-10-09T00:00:00","modified_gmt":"2018-10-08T22:00:00","slug":"porte-cartes-avec-technologie-de-securite-rfid","status":"publish","type":"product","link":"https:\/\/promz.be\/fr\/product\/porte-cartes-avec-technologie-de-securite-rfid\/","title":{"rendered":"Porte-cartes avec technologie de s\u00e9curit\u00e9 RFID"},"content":{"rendered":"<p>Porte-cartes avec technologie de s\u00e9curit\u00e9 RFID (Radio Frequency Identification) qui assure la s\u00e9curit\u00e9 des donn\u00e9es de la carte. Corps r\u00e9sistant de finition douce dans des couleurs claires, avec fermeture magn\u00e9tique et m\u00e9canisme automatique pour un acc\u00e8s facile au compartiment int\u00e9rieur.<\/p>\n<p>Protecteur RFID. 5 Compartiments.<\/p>\n","protected":false},"excerpt":{"rendered":"<p>Porte-cartes avec technologie de s\u00e9curit\u00e9 RFID (Radio Frequency Identification) qui assure la s\u00e9curit\u00e9 des donn\u00e9es de la carte. Corps r\u00e9sistant de finition douce dans des couleurs claires, avec fermeture magn\u00e9tique et m\u00e9canisme automatique pour un acc\u00e8s facile au compartiment int\u00e9rieur.<\/p>\n<p>Protecteur RFID. 5 Compartiments. [&#8230;]<\/p>\n<p><a class=\"btn btn-secondary understrap-read-more-link\" href=\"https:\/\/promz.be\/fr\/product\/porte-cartes-avec-technologie-de-securite-rfid\/\">Lire la suite&#8230;<\/a><\/p>\n","protected":false},"featured_media":21619,"comment_status":"closed","ping_status":"open","template":"","meta":[],"product_cat":[1014,994,957,1013,954],"product_tag":[7020,3140,2463,7019],"_links":{"self":[{"href":"https:\/\/promz.be\/fr\/wp-json\/wp\/v2\/product\/21683"}],"collection":[{"href":"https:\/\/promz.be\/fr\/wp-json\/wp\/v2\/product"}],"about":[{"href":"https:\/\/promz.be\/fr\/wp-json\/wp\/v2\/types\/product"}],"replies":[{"embeddable":true,"href":"https:\/\/promz.be\/fr\/wp-json\/wp\/v2\/comments?post=21683"}],"wp:featuredmedia":[{"embeddable":true,"href":"https:\/\/promz.be\/fr\/wp-json\/wp\/v2\/media\/21619"}],"wp:attachment":[{"href":"https:\/\/promz.be\/fr\/wp-json\/wp\/v2\/media?parent=21683"}],"wp:term":[{"taxonomy":"product_cat","embeddable":true,"href":"https:\/\/promz.be\/fr\/wp-json\/wp\/v2\/product_cat?post=21683"},{"taxonomy":"product_tag","embeddable":true,"href":"https:\/\/promz.be\/fr\/wp-json\/wp\/v2\/product_tag?post=21683"}],"curies":[{"name":"wp","href":"https:\/\/api.w.org\/{rel}","templated":true}]}}