{"id":21684,"date":"2018-09-12T00:00:00","date_gmt":"2018-09-11T22:00:00","guid":{"rendered":"https:\/\/promz.be\/product\/cle-usb-de-16-gb-au-corps-cylindrique-en-carton-recycle\/"},"modified":"2018-09-12T00:00:00","modified_gmt":"2018-09-11T22:00:00","slug":"cle-usb-de-16-gb-au-corps-cylindrique-en-carton-recycle","status":"publish","type":"product","link":"https:\/\/promz.be\/fr\/product\/cle-usb-de-16-gb-au-corps-cylindrique-en-carton-recycle\/","title":{"rendered":"Cl\u00e9 USB de 16 GB au corps cylindrique en carton recycl\u00e9"},"content":{"rendered":"<p>Cl\u00e9 USB de 16 GO au corps cylindrique en carton recycl\u00e9. Livr\u00e9e dans une boite individuelle en carton recycl\u00e9.<\/p>\n","protected":false},"excerpt":{"rendered":"<p>Cl\u00e9 USB de 16 GO au corps cylindrique en carton recycl\u00e9. Livr\u00e9e dans une boite individuelle en carton recycl\u00e9. [&#8230;]<\/p>\n<p><a class=\"btn btn-secondary understrap-read-more-link\" href=\"https:\/\/promz.be\/fr\/product\/cle-usb-de-16-gb-au-corps-cylindrique-en-carton-recycle\/\">Lire la suite&#8230;<\/a><\/p>\n","protected":false},"featured_media":21627,"comment_status":"closed","ping_status":"open","template":"","meta":[],"product_cat":[980,1006,957,1030,956],"product_tag":[7021,4154,4723],"_links":{"self":[{"href":"https:\/\/promz.be\/fr\/wp-json\/wp\/v2\/product\/21684"}],"collection":[{"href":"https:\/\/promz.be\/fr\/wp-json\/wp\/v2\/product"}],"about":[{"href":"https:\/\/promz.be\/fr\/wp-json\/wp\/v2\/types\/product"}],"replies":[{"embeddable":true,"href":"https:\/\/promz.be\/fr\/wp-json\/wp\/v2\/comments?post=21684"}],"wp:featuredmedia":[{"embeddable":true,"href":"https:\/\/promz.be\/fr\/wp-json\/wp\/v2\/media\/21627"}],"wp:attachment":[{"href":"https:\/\/promz.be\/fr\/wp-json\/wp\/v2\/media?parent=21684"}],"wp:term":[{"taxonomy":"product_cat","embeddable":true,"href":"https:\/\/promz.be\/fr\/wp-json\/wp\/v2\/product_cat?post=21684"},{"taxonomy":"product_tag","embeddable":true,"href":"https:\/\/promz.be\/fr\/wp-json\/wp\/v2\/product_tag?post=21684"}],"curies":[{"name":"wp","href":"https:\/\/api.w.org\/{rel}","templated":true}]}}