{"id":21687,"date":"2018-07-17T00:00:00","date_gmt":"2018-07-16T22:00:00","guid":{"rendered":"https:\/\/promz.be\/product\/smartsticker\/"},"modified":"2018-07-17T00:00:00","modified_gmt":"2018-07-16T22:00:00","slug":"smartsticker","status":"publish","type":"product","link":"https:\/\/promz.be\/fr\/product\/smartsticker\/","title":{"rendered":"SmartSticker"},"content":{"rendered":"<p>Un accessoire vraiment utile pour votre t\u00e9l\u00e9phone. Posez le SmartSticker au dos de votre t\u00e9l\u00e9phone ou tablette. Collez votre t\u00e9l\u00e9phone sur n&#8217;importe quelle surface s\u00e8che : carrelage, tableau de bord de voiture, bois, miroir&#8230; et transformez votre relation avec votre t\u00e9l\u00e9phone. Il devient une t\u00e9l\u00e9vision, il ne vous encombre plus les mains&#8230; La colle brevet\u00e9e sur le SmartSticker ne laissez aucun r\u00e9sidu de colle lorsque vous retirez le SmartSticker.<\/p>\n","protected":false},"excerpt":{"rendered":"<p>Un accessoire vraiment utile pour votre t\u00e9l\u00e9phone. Posez le SmartSticker au dos de votre t\u00e9l\u00e9phone ou tablette. Collez votre t\u00e9l\u00e9phone sur n&#8217;importe quelle surface s\u00e8che : carrelage, tableau de bord de voiture, bois, miroir&#8230; et transformez votre relation avec votre t\u00e9l\u00e9phone. Il devient une t\u00e9l\u00e9vision, il ne vous encombre plus les mains&#8230; La colle brevet\u00e9e sur le SmartSticker ne laissez aucun r\u00e9sidu de colle lorsque vous retirez le SmartSticker. [&#8230;]<\/p>\n<p><a class=\"btn btn-secondary understrap-read-more-link\" href=\"https:\/\/promz.be\/fr\/product\/smartsticker\/\">Lire la suite&#8230;<\/a><\/p>\n","protected":false},"featured_media":21629,"comment_status":"closed","ping_status":"open","template":"","meta":[],"product_cat":[1014,1026,988,950,954,956],"product_tag":[2069,7022,6996,5530,6140],"_links":{"self":[{"href":"https:\/\/promz.be\/fr\/wp-json\/wp\/v2\/product\/21687"}],"collection":[{"href":"https:\/\/promz.be\/fr\/wp-json\/wp\/v2\/product"}],"about":[{"href":"https:\/\/promz.be\/fr\/wp-json\/wp\/v2\/types\/product"}],"replies":[{"embeddable":true,"href":"https:\/\/promz.be\/fr\/wp-json\/wp\/v2\/comments?post=21687"}],"wp:featuredmedia":[{"embeddable":true,"href":"https:\/\/promz.be\/fr\/wp-json\/wp\/v2\/media\/21629"}],"wp:attachment":[{"href":"https:\/\/promz.be\/fr\/wp-json\/wp\/v2\/media?parent=21687"}],"wp:term":[{"taxonomy":"product_cat","embeddable":true,"href":"https:\/\/promz.be\/fr\/wp-json\/wp\/v2\/product_cat?post=21687"},{"taxonomy":"product_tag","embeddable":true,"href":"https:\/\/promz.be\/fr\/wp-json\/wp\/v2\/product_tag?post=21687"}],"curies":[{"name":"wp","href":"https:\/\/api.w.org\/{rel}","templated":true}]}}