{"id":21688,"date":"2018-10-30T00:00:00","date_gmt":"2018-10-29T23:00:00","guid":{"rendered":"https:\/\/promz.be\/product\/carnet-de-notes-a5-avec-couverture-en-bambou-dur\/"},"modified":"2018-10-30T00:00:00","modified_gmt":"2018-10-29T23:00:00","slug":"carnet-de-notes-a5-avec-couverture-en-bambou-dur","status":"publish","type":"product","link":"https:\/\/promz.be\/fr\/product\/carnet-de-notes-a5-avec-couverture-en-bambou-dur\/","title":{"rendered":"Carnet de notes A5 avec couverture en bambou dur"},"content":{"rendered":"<p>Carnet de notes avec reliure \u00e0 anneaux, avec une couverture en bambou dur et m\u00e9canisme de fermeture original. 80 feuilles de papier et \u00e9co-conception.<\/p>\n","protected":false},"excerpt":{"rendered":"<p>Carnet de notes avec reliure \u00e0 anneaux, avec une couverture en bambou dur et m\u00e9canisme de fermeture original. 80 feuilles de papier et \u00e9co-conception. [&#8230;]<\/p>\n<p><a class=\"btn btn-secondary understrap-read-more-link\" href=\"https:\/\/promz.be\/fr\/product\/carnet-de-notes-a5-avec-couverture-en-bambou-dur\/\">Lire la suite&#8230;<\/a><\/p>\n","protected":false},"featured_media":21607,"comment_status":"closed","ping_status":"open","template":"","meta":[],"product_cat":[974,980,951,1004,957],"product_tag":[3614,6067,5545,4723,4153],"_links":{"self":[{"href":"https:\/\/promz.be\/fr\/wp-json\/wp\/v2\/product\/21688"}],"collection":[{"href":"https:\/\/promz.be\/fr\/wp-json\/wp\/v2\/product"}],"about":[{"href":"https:\/\/promz.be\/fr\/wp-json\/wp\/v2\/types\/product"}],"replies":[{"embeddable":true,"href":"https:\/\/promz.be\/fr\/wp-json\/wp\/v2\/comments?post=21688"}],"wp:featuredmedia":[{"embeddable":true,"href":"https:\/\/promz.be\/fr\/wp-json\/wp\/v2\/media\/21607"}],"wp:attachment":[{"href":"https:\/\/promz.be\/fr\/wp-json\/wp\/v2\/media?parent=21688"}],"wp:term":[{"taxonomy":"product_cat","embeddable":true,"href":"https:\/\/promz.be\/fr\/wp-json\/wp\/v2\/product_cat?post=21688"},{"taxonomy":"product_tag","embeddable":true,"href":"https:\/\/promz.be\/fr\/wp-json\/wp\/v2\/product_tag?post=21688"}],"curies":[{"name":"wp","href":"https:\/\/api.w.org\/{rel}","templated":true}]}}