{"id":21689,"date":"2018-07-31T00:00:00","date_gmt":"2018-07-30T22:00:00","guid":{"rendered":"https:\/\/promz.be\/product\/conferencier-en-carton-recycle-resistant-rigide-avec-stylo-a-bille\/"},"modified":"2018-07-31T00:00:00","modified_gmt":"2018-07-30T22:00:00","slug":"conferencier-en-carton-recycle-resistant-rigide-avec-stylo-a-bille","status":"publish","type":"product","link":"https:\/\/promz.be\/fr\/product\/conferencier-en-carton-recycle-resistant-rigide-avec-stylo-a-bille\/","title":{"rendered":"Conf\u00e9rencier en carton recycl\u00e9 r\u00e9sistant rigide avec stylo \u00e0 bille"},"content":{"rendered":"<p>Conf\u00e9rencier en carton recycl\u00e9 r\u00e9sistant rigide avec stylo \u00e0 bille en carton recycl\u00e9 assorti inclus. Int\u00e9rieur avec bloc-notes amovible de 20 feuilles unies, pochette \u00e0 rabat, porte-cartes et porte-stylo. 23 x 32 x 1.5 cm<\/p>\n","protected":false},"excerpt":{"rendered":"<p>Conf\u00e9rencier en carton recycl\u00e9 r\u00e9sistant rigide avec stylo \u00e0 bille en carton recycl\u00e9 assorti inclus. Int\u00e9rieur avec bloc-notes amovible de 20 feuilles unies, pochette \u00e0 rabat, porte-cartes et porte-stylo. 23 x 32 x 1.5 cm [&#8230;]<\/p>\n<p><a class=\"btn btn-secondary understrap-read-more-link\" href=\"https:\/\/promz.be\/fr\/product\/conferencier-en-carton-recycle-resistant-rigide-avec-stylo-a-bille\/\">Lire la suite&#8230;<\/a><\/p>\n","protected":false},"featured_media":21621,"comment_status":"closed","ping_status":"open","template":"","meta":[],"product_cat":[974,980,951,1004,957],"product_tag":[5545,7023,4723,1856],"_links":{"self":[{"href":"https:\/\/promz.be\/fr\/wp-json\/wp\/v2\/product\/21689"}],"collection":[{"href":"https:\/\/promz.be\/fr\/wp-json\/wp\/v2\/product"}],"about":[{"href":"https:\/\/promz.be\/fr\/wp-json\/wp\/v2\/types\/product"}],"replies":[{"embeddable":true,"href":"https:\/\/promz.be\/fr\/wp-json\/wp\/v2\/comments?post=21689"}],"wp:featuredmedia":[{"embeddable":true,"href":"https:\/\/promz.be\/fr\/wp-json\/wp\/v2\/media\/21621"}],"wp:attachment":[{"href":"https:\/\/promz.be\/fr\/wp-json\/wp\/v2\/media?parent=21689"}],"wp:term":[{"taxonomy":"product_cat","embeddable":true,"href":"https:\/\/promz.be\/fr\/wp-json\/wp\/v2\/product_cat?post=21689"},{"taxonomy":"product_tag","embeddable":true,"href":"https:\/\/promz.be\/fr\/wp-json\/wp\/v2\/product_tag?post=21689"}],"curies":[{"name":"wp","href":"https:\/\/api.w.org\/{rel}","templated":true}]}}