{"id":21691,"date":"2018-07-10T00:00:00","date_gmt":"2018-07-09T22:00:00","guid":{"rendered":"https:\/\/promz.be\/product\/hub-usb-avec-porte-stylo-et-porte-smartphone-avec-eclairage-led\/"},"modified":"2018-07-10T00:00:00","modified_gmt":"2018-07-09T22:00:00","slug":"hub-usb-avec-porte-stylo-et-porte-smartphone-avec-eclairage-led","status":"publish","type":"product","link":"https:\/\/promz.be\/fr\/product\/hub-usb-avec-porte-stylo-et-porte-smartphone-avec-eclairage-led\/","title":{"rendered":"Hub USB avec porte-stylo et porte-smartphone avec \u00e9clairage LED"},"content":{"rendered":"<p>Porte-stylo original avec concentrateur USB int\u00e9gr\u00e9 et bo\u00eetier en blanc \u00e9l\u00e9gant, avec 4 ports USB 2.0. \u00c9clairage LED avec 2 options d&#8217;\u00e9clairage. Pr\u00e9sent\u00e9 dans une bo\u00eete individuelle.<\/p>\n","protected":false},"excerpt":{"rendered":"<p>Porte-stylo original avec concentrateur USB int\u00e9gr\u00e9 et bo\u00eetier en blanc \u00e9l\u00e9gant, avec 4 ports USB 2.0. \u00c9clairage LED avec 2 options d&#8217;\u00e9clairage. Pr\u00e9sent\u00e9 dans une bo\u00eete individuelle. [&#8230;]<\/p>\n<p><a class=\"btn btn-secondary understrap-read-more-link\" href=\"https:\/\/promz.be\/fr\/product\/hub-usb-avec-porte-stylo-et-porte-smartphone-avec-eclairage-led\/\">Lire la suite&#8230;<\/a><\/p>\n","protected":false},"featured_media":21625,"comment_status":"closed","ping_status":"open","template":"","meta":[],"product_cat":[974,1026,951,1030,956],"product_tag":[3325,7025,7024,7026],"_links":{"self":[{"href":"https:\/\/promz.be\/fr\/wp-json\/wp\/v2\/product\/21691"}],"collection":[{"href":"https:\/\/promz.be\/fr\/wp-json\/wp\/v2\/product"}],"about":[{"href":"https:\/\/promz.be\/fr\/wp-json\/wp\/v2\/types\/product"}],"replies":[{"embeddable":true,"href":"https:\/\/promz.be\/fr\/wp-json\/wp\/v2\/comments?post=21691"}],"wp:featuredmedia":[{"embeddable":true,"href":"https:\/\/promz.be\/fr\/wp-json\/wp\/v2\/media\/21625"}],"wp:attachment":[{"href":"https:\/\/promz.be\/fr\/wp-json\/wp\/v2\/media?parent=21691"}],"wp:term":[{"taxonomy":"product_cat","embeddable":true,"href":"https:\/\/promz.be\/fr\/wp-json\/wp\/v2\/product_cat?post=21691"},{"taxonomy":"product_tag","embeddable":true,"href":"https:\/\/promz.be\/fr\/wp-json\/wp\/v2\/product_tag?post=21691"}],"curies":[{"name":"wp","href":"https:\/\/api.w.org\/{rel}","templated":true}]}}