{"id":21692,"date":"2018-07-16T00:00:00","date_gmt":"2018-07-15T22:00:00","guid":{"rendered":"https:\/\/promz.be\/product\/sac-thermique-en-papier-resistant-a-lhumidite\/"},"modified":"2018-07-16T00:00:00","modified_gmt":"2018-07-15T22:00:00","slug":"sac-thermique-en-papier-resistant-a-lhumidite","status":"publish","type":"product","link":"https:\/\/promz.be\/fr\/product\/sac-thermique-en-papier-resistant-a-lhumidite\/","title":{"rendered":"Sac thermique en papier r\u00e9sistant \u00e0 l&#8217;humidit\u00e9"},"content":{"rendered":"<p>Sac thermique en papier r\u00e9sistant \u00e0 l&#8217;humidit\u00e9 de 85 g \/ m2. Int\u00e9rieur isothermique en finition aluminium, avec poche ext\u00e9rieure et fermeture velcro. 2,3 litres de contenu.<\/p>\n","protected":false},"excerpt":{"rendered":"<p>Sac thermique en papier r\u00e9sistant \u00e0 l&#8217;humidit\u00e9 de 85 g \/ m2. Int\u00e9rieur isothermique en finition aluminium, avec poche ext\u00e9rieure et fermeture velcro. 2,3 litres de contenu. [&#8230;]<\/p>\n<p><a class=\"btn btn-secondary understrap-read-more-link\" href=\"https:\/\/promz.be\/fr\/product\/sac-thermique-en-papier-resistant-a-lhumidite\/\">Lire la suite&#8230;<\/a><\/p>\n","protected":false},"featured_media":21623,"comment_status":"closed","ping_status":"open","template":"","meta":[],"product_cat":[952,966,973,957,978,954],"product_tag":[5890,7028,3079,7027],"_links":{"self":[{"href":"https:\/\/promz.be\/fr\/wp-json\/wp\/v2\/product\/21692"}],"collection":[{"href":"https:\/\/promz.be\/fr\/wp-json\/wp\/v2\/product"}],"about":[{"href":"https:\/\/promz.be\/fr\/wp-json\/wp\/v2\/types\/product"}],"replies":[{"embeddable":true,"href":"https:\/\/promz.be\/fr\/wp-json\/wp\/v2\/comments?post=21692"}],"wp:featuredmedia":[{"embeddable":true,"href":"https:\/\/promz.be\/fr\/wp-json\/wp\/v2\/media\/21623"}],"wp:attachment":[{"href":"https:\/\/promz.be\/fr\/wp-json\/wp\/v2\/media?parent=21692"}],"wp:term":[{"taxonomy":"product_cat","embeddable":true,"href":"https:\/\/promz.be\/fr\/wp-json\/wp\/v2\/product_cat?post=21692"},{"taxonomy":"product_tag","embeddable":true,"href":"https:\/\/promz.be\/fr\/wp-json\/wp\/v2\/product_tag?post=21692"}],"curies":[{"name":"wp","href":"https:\/\/api.w.org\/{rel}","templated":true}]}}