{"id":21693,"date":"2018-10-18T00:00:00","date_gmt":"2018-10-17T22:00:00","guid":{"rendered":"https:\/\/promz.be\/product\/tasse-en-acier-inoxydable-de-500-ml\/"},"modified":"2018-10-18T00:00:00","modified_gmt":"2018-10-17T22:00:00","slug":"tasse-en-acier-inoxydable-de-500-ml","status":"publish","type":"product","link":"https:\/\/promz.be\/fr\/product\/tasse-en-acier-inoxydable-de-500-ml\/","title":{"rendered":"Tasse en acier inoxydable de 500 ml"},"content":{"rendered":"<p>Tasse en acier inoxydable d&#8217;une capacit\u00e9 de 500 ml. Avec ext\u00e9rieur en couleurs m\u00e9talliques tr\u00e8s brillantes et int\u00e9rieur en couleur chrom\u00e9e semi-mate. Disponible dans un large \u00e9ventail de couleurs vives et pr\u00e9sent\u00e9 dans un \u00e9l\u00e9gant coffret.<\/p>\n","protected":false},"excerpt":{"rendered":"<p>Tasse en acier inoxydable d&#8217;une capacit\u00e9 de 500 ml. Avec ext\u00e9rieur en couleurs m\u00e9talliques tr\u00e8s brillantes et int\u00e9rieur en couleur chrom\u00e9e semi-mate. Disponible dans un large \u00e9ventail de couleurs vives et pr\u00e9sent\u00e9 dans un \u00e9l\u00e9gant coffret. [&#8230;]<\/p>\n<p><a class=\"btn btn-secondary understrap-read-more-link\" href=\"https:\/\/promz.be\/fr\/product\/tasse-en-acier-inoxydable-de-500-ml\/\">Lire la suite&#8230;<\/a><\/p>\n","protected":false},"featured_media":21611,"comment_status":"closed","ping_status":"open","template":"","meta":[],"product_cat":[979,952,947,966,968],"product_tag":[3128,6063,7029,5890,3622],"_links":{"self":[{"href":"https:\/\/promz.be\/fr\/wp-json\/wp\/v2\/product\/21693"}],"collection":[{"href":"https:\/\/promz.be\/fr\/wp-json\/wp\/v2\/product"}],"about":[{"href":"https:\/\/promz.be\/fr\/wp-json\/wp\/v2\/types\/product"}],"replies":[{"embeddable":true,"href":"https:\/\/promz.be\/fr\/wp-json\/wp\/v2\/comments?post=21693"}],"wp:featuredmedia":[{"embeddable":true,"href":"https:\/\/promz.be\/fr\/wp-json\/wp\/v2\/media\/21611"}],"wp:attachment":[{"href":"https:\/\/promz.be\/fr\/wp-json\/wp\/v2\/media?parent=21693"}],"wp:term":[{"taxonomy":"product_cat","embeddable":true,"href":"https:\/\/promz.be\/fr\/wp-json\/wp\/v2\/product_cat?post=21693"},{"taxonomy":"product_tag","embeddable":true,"href":"https:\/\/promz.be\/fr\/wp-json\/wp\/v2\/product_tag?post=21693"}],"curies":[{"name":"wp","href":"https:\/\/api.w.org\/{rel}","templated":true}]}}