{"id":21694,"date":"2018-07-25T00:00:00","date_gmt":"2018-07-24T22:00:00","guid":{"rendered":"https:\/\/promz.be\/product\/jar-de-500-ml\/"},"modified":"2018-07-25T00:00:00","modified_gmt":"2018-07-24T22:00:00","slug":"jar-de-500-ml","status":"publish","type":"product","link":"https:\/\/promz.be\/fr\/product\/jar-de-500-ml\/","title":{"rendered":"Jar de 500 ml"},"content":{"rendered":"<p>Jar en verre transparent d&#8217;une capacit\u00e9 de 500 ml pour les cocktails et les boissons. Pr\u00e9sent\u00e9 dans une bo\u00eete individuelle.<\/p>\n","protected":false},"excerpt":{"rendered":"<p>Jar en verre transparent d&#8217;une capacit\u00e9 de 500 ml pour les cocktails et les boissons. Pr\u00e9sent\u00e9 dans une bo\u00eete individuelle. [&#8230;]<\/p>\n<p><a class=\"btn btn-secondary understrap-read-more-link\" href=\"https:\/\/promz.be\/fr\/product\/jar-de-500-ml\/\">Lire la suite&#8230;<\/a><\/p>\n","protected":false},"featured_media":21631,"comment_status":"closed","ping_status":"open","template":"","meta":[],"product_cat":[947,986,957,968],"product_tag":[3128,7030,7003,3622],"_links":{"self":[{"href":"https:\/\/promz.be\/fr\/wp-json\/wp\/v2\/product\/21694"}],"collection":[{"href":"https:\/\/promz.be\/fr\/wp-json\/wp\/v2\/product"}],"about":[{"href":"https:\/\/promz.be\/fr\/wp-json\/wp\/v2\/types\/product"}],"replies":[{"embeddable":true,"href":"https:\/\/promz.be\/fr\/wp-json\/wp\/v2\/comments?post=21694"}],"wp:featuredmedia":[{"embeddable":true,"href":"https:\/\/promz.be\/fr\/wp-json\/wp\/v2\/media\/21631"}],"wp:attachment":[{"href":"https:\/\/promz.be\/fr\/wp-json\/wp\/v2\/media?parent=21694"}],"wp:term":[{"taxonomy":"product_cat","embeddable":true,"href":"https:\/\/promz.be\/fr\/wp-json\/wp\/v2\/product_cat?post=21694"},{"taxonomy":"product_tag","embeddable":true,"href":"https:\/\/promz.be\/fr\/wp-json\/wp\/v2\/product_tag?post=21694"}],"curies":[{"name":"wp","href":"https:\/\/api.w.org\/{rel}","templated":true}]}}