{"id":21695,"date":"2018-06-14T00:00:00","date_gmt":"2018-06-13T22:00:00","guid":{"rendered":"https:\/\/promz.be\/product\/bouteille-tritan-650ml-sans-bpa\/"},"modified":"2018-06-14T00:00:00","modified_gmt":"2018-06-13T22:00:00","slug":"bouteille-tritan-650ml-sans-bpa","status":"publish","type":"product","link":"https:\/\/promz.be\/fr\/product\/bouteille-tritan-650ml-sans-bpa\/","title":{"rendered":"Bouteille Tritan 650ml, sans BPA"},"content":{"rendered":"<p>Bouteille \u00e0 boire de haute qualit\u00e9 650ml. R\u00e9sistant \u00e0 la chaleur jusqu&#8217;\u00e0 70\u00baC. Sans BPA. Disponible en diff\u00e9rentes couleurs transparentes. Le haut de la bouteille est en acier inoxydable. Avec bouchon \u00e0 vis.<\/p>\n","protected":false},"excerpt":{"rendered":"<p>Bouteille \u00e0 boire de haute qualit\u00e9 650ml. R\u00e9sistant \u00e0 la chaleur jusqu&#8217;\u00e0 70\u00baC. Sans BPA. Disponible en diff\u00e9rentes couleurs transparentes. Le haut de la bouteille est en acier inoxydable. Avec bouchon \u00e0 vis. [&#8230;]<\/p>\n<p><a class=\"btn btn-secondary understrap-read-more-link\" href=\"https:\/\/promz.be\/fr\/product\/bouteille-tritan-650ml-sans-bpa\/\">Lire la suite&#8230;<\/a><\/p>\n","protected":false},"featured_media":21633,"comment_status":"closed","ping_status":"open","template":"","meta":[],"product_cat":[947,1023,969,984,953],"product_tag":[3282,5548,6779,7031,6153],"_links":{"self":[{"href":"https:\/\/promz.be\/fr\/wp-json\/wp\/v2\/product\/21695"}],"collection":[{"href":"https:\/\/promz.be\/fr\/wp-json\/wp\/v2\/product"}],"about":[{"href":"https:\/\/promz.be\/fr\/wp-json\/wp\/v2\/types\/product"}],"replies":[{"embeddable":true,"href":"https:\/\/promz.be\/fr\/wp-json\/wp\/v2\/comments?post=21695"}],"wp:featuredmedia":[{"embeddable":true,"href":"https:\/\/promz.be\/fr\/wp-json\/wp\/v2\/media\/21633"}],"wp:attachment":[{"href":"https:\/\/promz.be\/fr\/wp-json\/wp\/v2\/media?parent=21695"}],"wp:term":[{"taxonomy":"product_cat","embeddable":true,"href":"https:\/\/promz.be\/fr\/wp-json\/wp\/v2\/product_cat?post=21695"},{"taxonomy":"product_tag","embeddable":true,"href":"https:\/\/promz.be\/fr\/wp-json\/wp\/v2\/product_tag?post=21695"}],"curies":[{"name":"wp","href":"https:\/\/api.w.org\/{rel}","templated":true}]}}