{"id":21696,"date":"2018-06-27T00:00:00","date_gmt":"2018-06-26T22:00:00","guid":{"rendered":"https:\/\/promz.be\/product\/support-pour-smartphone-avec-porte-monnaie-integre\/"},"modified":"2018-06-27T00:00:00","modified_gmt":"2018-06-26T22:00:00","slug":"support-pour-smartphone-avec-porte-monnaie-integre","status":"publish","type":"product","link":"https:\/\/promz.be\/fr\/product\/support-pour-smartphone-avec-porte-monnaie-integre\/","title":{"rendered":"Support pour smartphone avec porte-monnaie int\u00e9gr\u00e9"},"content":{"rendered":"<p>Support pour smartphone avec porte-monnaie int\u00e9gr\u00e9 d\u00e9clin\u00e9 en plusieurs couleurs vives. Avec des sangles \u00e9lastiques robustes pour un maintien optimal et une sangle r\u00e9glable par Velcro pour le passage de main.<\/p>\n","protected":false},"excerpt":{"rendered":"<p>Support pour smartphone avec porte-monnaie int\u00e9gr\u00e9 d\u00e9clin\u00e9 en plusieurs couleurs vives. Avec des sangles \u00e9lastiques robustes pour un maintien optimal et une sangle r\u00e9glable par Velcro pour le passage de main. [&#8230;]<\/p>\n<p><a class=\"btn btn-secondary understrap-read-more-link\" href=\"https:\/\/promz.be\/fr\/product\/support-pour-smartphone-avec-porte-monnaie-integre\/\">Lire la suite&#8230;<\/a><\/p>\n","protected":false},"featured_media":21635,"comment_status":"closed","ping_status":"open","template":"","meta":[],"product_cat":[1026,1023,957,953,1013,956],"product_tag":[7033,7034,7032,6152,5530],"_links":{"self":[{"href":"https:\/\/promz.be\/fr\/wp-json\/wp\/v2\/product\/21696"}],"collection":[{"href":"https:\/\/promz.be\/fr\/wp-json\/wp\/v2\/product"}],"about":[{"href":"https:\/\/promz.be\/fr\/wp-json\/wp\/v2\/types\/product"}],"replies":[{"embeddable":true,"href":"https:\/\/promz.be\/fr\/wp-json\/wp\/v2\/comments?post=21696"}],"wp:featuredmedia":[{"embeddable":true,"href":"https:\/\/promz.be\/fr\/wp-json\/wp\/v2\/media\/21635"}],"wp:attachment":[{"href":"https:\/\/promz.be\/fr\/wp-json\/wp\/v2\/media?parent=21696"}],"wp:term":[{"taxonomy":"product_cat","embeddable":true,"href":"https:\/\/promz.be\/fr\/wp-json\/wp\/v2\/product_cat?post=21696"},{"taxonomy":"product_tag","embeddable":true,"href":"https:\/\/promz.be\/fr\/wp-json\/wp\/v2\/product_tag?post=21696"}],"curies":[{"name":"wp","href":"https:\/\/api.w.org\/{rel}","templated":true}]}}