{"id":21697,"date":"2018-06-20T00:00:00","date_gmt":"2018-06-19T22:00:00","guid":{"rendered":"https:\/\/promz.be\/product\/sac-en-jute-avec-anses-coloree\/"},"modified":"2018-06-20T00:00:00","modified_gmt":"2018-06-19T22:00:00","slug":"sac-en-jute-avec-anses-coloree","status":"publish","type":"product","link":"https:\/\/promz.be\/fr\/product\/sac-en-jute-avec-anses-coloree\/","title":{"rendered":"Sac en jute avec anses color\u00e9e"},"content":{"rendered":"<p>Sac shopping en toile de jute avec anses renforc\u00e9es en coton de taille moyenne. Plusieurs coloris pour les anses. Dimensions: 38 x 41 cm. R\u00e9sistance jusqu\u00b4\u00e0 9 kg.<\/p>\n","protected":false},"excerpt":{"rendered":"<p>Sac shopping en toile de jute avec anses renforc\u00e9es en coton de taille moyenne. Plusieurs coloris pour les anses. Dimensions: 38 x 41 cm. R\u00e9sistance jusqu\u00b4\u00e0 9 kg. [&#8230;]<\/p>\n<p><a class=\"btn btn-secondary understrap-read-more-link\" href=\"https:\/\/promz.be\/fr\/product\/sac-en-jute-avec-anses-coloree\/\">Lire la suite&#8230;<\/a><\/p>\n","protected":false},"featured_media":21637,"comment_status":"closed","ping_status":"open","template":"","meta":[],"product_cat":[947,980,957,978,954],"product_tag":[6184,3280,7036,5943,7035],"_links":{"self":[{"href":"https:\/\/promz.be\/fr\/wp-json\/wp\/v2\/product\/21697"}],"collection":[{"href":"https:\/\/promz.be\/fr\/wp-json\/wp\/v2\/product"}],"about":[{"href":"https:\/\/promz.be\/fr\/wp-json\/wp\/v2\/types\/product"}],"replies":[{"embeddable":true,"href":"https:\/\/promz.be\/fr\/wp-json\/wp\/v2\/comments?post=21697"}],"wp:featuredmedia":[{"embeddable":true,"href":"https:\/\/promz.be\/fr\/wp-json\/wp\/v2\/media\/21637"}],"wp:attachment":[{"href":"https:\/\/promz.be\/fr\/wp-json\/wp\/v2\/media?parent=21697"}],"wp:term":[{"taxonomy":"product_cat","embeddable":true,"href":"https:\/\/promz.be\/fr\/wp-json\/wp\/v2\/product_cat?post=21697"},{"taxonomy":"product_tag","embeddable":true,"href":"https:\/\/promz.be\/fr\/wp-json\/wp\/v2\/product_tag?post=21697"}],"curies":[{"name":"wp","href":"https:\/\/api.w.org\/{rel}","templated":true}]}}